{"id":9,"date":"2023-10-05T13:58:07","date_gmt":"2023-10-05T11:58:07","guid":{"rendered":"https:\/\/hapro.gmbh\/HAPro\/?page_id=9"},"modified":"2023-11-29T14:20:46","modified_gmt":"2023-11-29T13:20:46","slug":"ueber-uns","status":"publish","type":"page","link":"https:\/\/hapro.gmbh\/HAPro\/index.php\/ueber-uns\/","title":{"rendered":"\u00dcber uns"},"content":{"rendered":"\n<div class=\"wp-block-columns is-layout-flex wp-container-core-columns-is-layout-9d6595d7 wp-block-columns-is-layout-flex\">\n<div class=\"wp-block-column is-layout-flow wp-block-column-is-layout-flow\" style=\"flex-basis:50%\">\n<p>Die HAPro GmbH wurde im August 2020 von Michael Henkel und Sven Bredeck gegr\u00fcndet. Mit der Erfahrung von zusammen mehr als 50 Berufsjahren in der Aufbereitungstechnik und im Anlagenbau bieten wir unseren Kunden umfassende Unterst\u00fctzung bei der Konzeption, Planung und Umsetzung verschiedener Bauvorhaben.<\/p>\n\n\n\n<p>Die Freude an der Aufbereitungstechnik und der Wunsch nach Selbst\u00e4ndigkeit waren die Hauptgr\u00fcnde f\u00fcr die Entstehung der HAPro GmbH. Nach dem Schritt in die Selbst\u00e4ndigkeit waren wir zun\u00e4chst beide freiberuflich t\u00e4tig, bevor wir uns schlie\u00dflich mit der Gr\u00fcndung der HAPro GmbH zusammenschlossen. Wir decken das gesamte Leistungsspektrum rund um den Um- oder Neubau von Geb\u00e4uden ab: von der prozesstechnischen Beratung \u00fcber die Planung, Konstruktion inkl. Statik, Bau\u00fcberwachung bis hin zur Inbetriebnahme und Abnahme.<\/p>\n\n\n\n<p><\/p>\n\n\n\n<h2 class=\"wp-block-heading\">Wirtschaftlichkeit | Partnerschaft | Fairness<\/h2>\n\n\n\n<p>In unserem Unternehmen z\u00e4hlt neben der Wirtschaftlichkeit der partnerschaftliche und faire Umgang miteinander. Dies gilt sowohl f\u00fcr uns selbst als auch f\u00fcr den Dialog mit unseren Kunden und Partnern. Besonders stolz sind wir auf unser sich gegenseitig erg\u00e4nzendes Spezialwissen, das wir uns in der Vergangenheit angeeignet haben. Mit unseren unterschiedlichen F\u00e4higkeiten und Erfahrungen bilden wir ein schlagkr\u00e4ftiges und flexibles Team.<\/p>\n\n\n\n<p><\/p>\n\n\n\n<h2 class=\"wp-block-heading\">Erfahrung | Spezialwissen<\/h2>\n\n\n\n<p>Zusammen mit unseren Kunden verstehen wir uns als Team, das auf der Basis einer vertrauensvollen und kollegialen Zusammenarbeit optimale Ergebnisse erzielt. So verbinden wir auf Augenh\u00f6he Erfahrungen und Fachwissen unserer Kunden auf der Betreiberseite mit unserer Projekterfahrung und unserem Spezialwissen zu einem Ganzen. Dabei verpflichten wir uns zu einer absolut herstellerneutralen Beratung und Empfehlung: Wir bewerten Hersteller und Produkte nach technischen Vor- und Nachteilen im Hinblick auf Betriebssicherheit, Langlebigkeit, Wartungsfreundlichkeit, Erfahrungen, Service und Preis-Leistungs-Verh\u00e4ltnis.<\/p>\n\n\n\n<p>Unser Credo: Wir arbeiten grunds\u00e4tzlich transparent und finanzieren unsere Leistungen ausschlie\u00dflich \u00fcber unsere Honorare. Dies sichern wir unseren Kunden vertraglich zu.<\/p>\n\n\n<div class=\"wp-block-image\">\n<figure class=\"alignleft size-full\"><img loading=\"lazy\" decoding=\"async\" width=\"2560\" height=\"1871\" src=\"https:\/\/hapro.gmbh\/HAPro\/wp-content\/uploads\/2023\/11\/DSC_1700_sw-scaled.jpg\" alt=\"\" class=\"wp-image-4165\" style=\"aspect-ratio:16\/9;object-fit:cover\" srcset=\"https:\/\/hapro.gmbh\/HAPro\/wp-content\/uploads\/2023\/11\/DSC_1700_sw-scaled.jpg 2560w, https:\/\/hapro.gmbh\/HAPro\/wp-content\/uploads\/2023\/11\/DSC_1700_sw-300x219.jpg 300w, https:\/\/hapro.gmbh\/HAPro\/wp-content\/uploads\/2023\/11\/DSC_1700_sw-1024x748.jpg 1024w, https:\/\/hapro.gmbh\/HAPro\/wp-content\/uploads\/2023\/11\/DSC_1700_sw-768x561.jpg 768w, https:\/\/hapro.gmbh\/HAPro\/wp-content\/uploads\/2023\/11\/DSC_1700_sw-1536x1123.jpg 1536w, https:\/\/hapro.gmbh\/HAPro\/wp-content\/uploads\/2023\/11\/DSC_1700_sw-2048x1497.jpg 2048w, https:\/\/hapro.gmbh\/HAPro\/wp-content\/uploads\/2023\/11\/DSC_1700_sw-1478x1080.jpg 1478w\" sizes=\"auto, (max-width: 2560px) 100vw, 2560px\" \/><\/figure>\n<\/div><\/div>\n\n\n\n<div class=\"wp-block-column is-layout-flow wp-block-column-is-layout-flow\" style=\"flex-basis:50%\">\n<figure class=\"wp-block-image size-large\"><img loading=\"lazy\" decoding=\"async\" width=\"1024\" height=\"736\" src=\"https:\/\/hapro.gmbh\/HAPro\/wp-content\/uploads\/2023\/11\/Test_11-1024x736.jpg\" alt=\"\" class=\"wp-image-4168\" srcset=\"https:\/\/hapro.gmbh\/HAPro\/wp-content\/uploads\/2023\/11\/Test_11-1024x736.jpg 1024w, https:\/\/hapro.gmbh\/HAPro\/wp-content\/uploads\/2023\/11\/Test_11-300x216.jpg 300w, https:\/\/hapro.gmbh\/HAPro\/wp-content\/uploads\/2023\/11\/Test_11-768x552.jpg 768w, https:\/\/hapro.gmbh\/HAPro\/wp-content\/uploads\/2023\/11\/Test_11-1536x1105.jpg 1536w, https:\/\/hapro.gmbh\/HAPro\/wp-content\/uploads\/2023\/11\/Test_11-2048x1473.jpg 2048w, https:\/\/hapro.gmbh\/HAPro\/wp-content\/uploads\/2023\/11\/Test_11-1502x1080.jpg 1502w\" sizes=\"auto, (max-width: 1024px) 100vw, 1024px\" \/><\/figure>\n<\/div>\n<\/div>\n","protected":false},"excerpt":{"rendered":"<p>Die HAPro GmbH wurde im August 2020 von Michael Henkel und Sven Bredeck gegr\u00fcndet. Mit der Erfahrung von zusammen mehr als 50 Berufsjahren in der Aufbereitungstechnik und im Anlagenbau bieten wir unseren Kunden umfassende Unterst\u00fctzung bei der Konzeption, Planung und Umsetzung verschiedener Bauvorhaben. Die Freude an der Aufbereitungstechnik und der Wunsch nach Selbst\u00e4ndigkeit waren die&hellip; <br \/> <a class=\"read-more\" href=\"https:\/\/hapro.gmbh\/HAPro\/index.php\/ueber-uns\/\">Weiterlesen<\/a><\/p>\n","protected":false},"author":1,"featured_media":2406,"parent":0,"menu_order":0,"comment_status":"closed","ping_status":"closed","template":"","meta":{"_editorskit_title_hidden":false,"_editorskit_reading_time":0,"_editorskit_is_block_options_detached":false,"_editorskit_block_options_position":"{}","footnotes":""},"class_list":["post-9","page","type-page","status-publish","has-post-thumbnail","hentry"],"_links":{"self":[{"href":"https:\/\/hapro.gmbh\/HAPro\/index.php\/wp-json\/wp\/v2\/pages\/9","targetHints":{"allow":["GET"]}}],"collection":[{"href":"https:\/\/hapro.gmbh\/HAPro\/index.php\/wp-json\/wp\/v2\/pages"}],"about":[{"href":"https:\/\/hapro.gmbh\/HAPro\/index.php\/wp-json\/wp\/v2\/types\/page"}],"author":[{"embeddable":true,"href":"https:\/\/hapro.gmbh\/HAPro\/index.php\/wp-json\/wp\/v2\/users\/1"}],"replies":[{"embeddable":true,"href":"https:\/\/hapro.gmbh\/HAPro\/index.php\/wp-json\/wp\/v2\/comments?post=9"}],"version-history":[{"count":38,"href":"https:\/\/hapro.gmbh\/HAPro\/index.php\/wp-json\/wp\/v2\/pages\/9\/revisions"}],"predecessor-version":[{"id":4674,"href":"https:\/\/hapro.gmbh\/HAPro\/index.php\/wp-json\/wp\/v2\/pages\/9\/revisions\/4674"}],"wp:featuredmedia":[{"embeddable":true,"href":"https:\/\/hapro.gmbh\/HAPro\/index.php\/wp-json\/wp\/v2\/media\/2406"}],"wp:attachment":[{"href":"https:\/\/hapro.gmbh\/HAPro\/index.php\/wp-json\/wp\/v2\/media?parent=9"}],"curies":[{"name":"wp","href":"https:\/\/api.w.org\/{rel}","templated":true}]}}