{"id":807,"date":"2023-10-12T16:04:11","date_gmt":"2023-10-12T14:04:11","guid":{"rendered":"https:\/\/hapro.gmbh\/HAPro\/?page_id=807"},"modified":"2023-11-27T17:12:59","modified_gmt":"2023-11-27T16:12:59","slug":"kontakt","status":"publish","type":"page","link":"https:\/\/hapro.gmbh\/HAPro\/index.php\/kontakt\/","title":{"rendered":"Kontakt"},"content":{"rendered":"\n<div class=\"wp-block-columns is-layout-flex wp-container-core-columns-is-layout-9d6595d7 wp-block-columns-is-layout-flex\">\n<div class=\"wp-block-column is-layout-flow wp-block-column-is-layout-flow\" style=\"flex-basis:50%\">\n<p>Wir freuen uns \u00fcber Ihr Interesse und  stehen Ihnen gerne zur Verf\u00fcgung, um Ihnen weiterzuhelfen und Ihre Anliegen zu kl\u00e4ren. Hier finden Sie alle notwendigen Informationen, um mit uns in Kontakt zu treten:<br><br><strong>Henkel Anlagen- und Prozesstechnik GmbH<\/strong><br>Sunderkamp 7<br>48165 M\u00fcnster<br><br>Fon: <a href=\"tel:\/\/+4925015887074\">02501 5887074<br><\/a>Mail: <a href=\"mailto: info@hapro.gmbh\">info@hapro.gmbh<\/a><\/p>\n\n\n\n<p><\/p>\n<\/div>\n\n\n\n<div class=\"wp-block-column is-layout-flow wp-block-column-is-layout-flow\" style=\"flex-basis:50%\">\n<div style=\"height:73px\" aria-hidden=\"true\" class=\"wp-block-spacer\"><\/div>\n\n\n\n<h2 class=\"wp-block-heading\">Kontaktformular<\/h2>\n\n\n\n<p>Fragen, Anregungen, Kritik? Schreiben Sie uns gerne eine Nachricht. Wir werden Ihnen schnellstm\u00f6glich antworten.<\/p>\n\n\n<style id=\"wpforms-css-vars-root\">\n\t\t\t\t:root {\n\t\t\t\t\t--wpforms-field-border-radius: 3px;\n--wpforms-field-background-color: #ffffff;\n--wpforms-field-border-color: rgba( 0, 0, 0, 0.25 );\n--wpforms-field-text-color: rgba( 0, 0, 0, 0.7 );\n--wpforms-label-color: rgba( 0, 0, 0, 0.85 );\n--wpforms-label-sublabel-color: rgba( 0, 0, 0, 0.55 );\n--wpforms-label-error-color: #d63637;\n--wpforms-button-border-radius: 3px;\n--wpforms-button-background-color: #066aab;\n--wpforms-button-text-color: #ffffff;\n--wpforms-field-size-input-height: 43px;\n--wpforms-field-size-input-spacing: 15px;\n--wpforms-field-size-font-size: 16px;\n--wpforms-field-size-line-height: 19px;\n--wpforms-field-size-padding-h: 14px;\n--wpforms-field-size-checkbox-size: 16px;\n--wpforms-field-size-sublabel-spacing: 5px;\n--wpforms-field-size-icon-size: 1;\n--wpforms-label-size-font-size: 16px;\n--wpforms-label-size-line-height: 19px;\n--wpforms-label-size-sublabel-font-size: 14px;\n--wpforms-label-size-sublabel-line-height: 17px;\n--wpforms-button-size-font-size: 17px;\n--wpforms-button-size-height: 41px;\n--wpforms-button-size-padding-h: 15px;\n--wpforms-button-size-margin-top: 10px;\n\n\t\t\t\t}\n\t\t\t<\/style><style id=\"wpforms-css-vars-2260-block-33ebdfd8-4292-43ca-b33d-0c095daca6f3\">\n\t\t\t\t#wpforms-2260.wpforms-block-33ebdfd8-4292-43ca-b33d-0c095daca6f3 {\n\t\t\t\t\t--wpforms-field-border-color: #dc0000);\n--wpforms-label-sublabel-color: #000000);\n--wpforms-button-background-color: #dc0000;\n\n\t\t\t\t}\n\t\t\t<\/style><div class=\"wpforms-container wpforms-container-full wpforms-block wpforms-block-33ebdfd8-4292-43ca-b33d-0c095daca6f3 wpforms-render-modern\" id=\"wpforms-2260\"><form id=\"wpforms-form-2260\" class=\"wpforms-validate wpforms-form wpforms-ajax-form\" data-formid=\"2260\" method=\"post\" enctype=\"multipart\/form-data\" action=\"\/HAPro\/index.php\/wp-json\/wp\/v2\/pages\/807\" data-token=\"cc0423b7fea0987a68f2fd21bc52058e\"><noscript class=\"wpforms-error-noscript\">Bitte aktiviere JavaScript in deinem Browser, um dieses Formular fertigzustellen.<\/noscript><div class=\"wpforms-hidden\" id=\"wpforms-error-noscript\">Bitte aktiviere JavaScript in deinem Browser, um dieses Formular fertigzustellen.<\/div><div class=\"wpforms-field-container\"><div id=\"wpforms-2260-field_0-container\" class=\"wpforms-field wpforms-field-name\" data-field-id=\"0\"><label class=\"wpforms-field-label\" for=\"wpforms-2260-field_0\">Name <span class=\"wpforms-required-label\" aria-hidden=\"true\">*<\/span><\/label><input type=\"text\" id=\"wpforms-2260-field_0\" class=\"wpforms-field-large wpforms-field-required\" name=\"wpforms[fields][0]\" aria-errormessage=\"wpforms-2260-field_0-error\" required><\/div><div id=\"wpforms-2260-field_3-container\" class=\"wpforms-field wpforms-field-text\" data-field-id=\"3\"><label class=\"wpforms-field-label\" for=\"wpforms-2260-field_3\">Telefon (optional)<\/label><input type=\"text\" id=\"wpforms-2260-field_3\" class=\"wpforms-field-large\" name=\"wpforms[fields][3]\" aria-errormessage=\"wpforms-2260-field_3-error\" ><\/div><div id=\"wpforms-2260-field_1-container\" class=\"wpforms-field wpforms-field-email\" data-field-id=\"1\"><label class=\"wpforms-field-label\" for=\"wpforms-2260-field_1\">E-Mail <span class=\"wpforms-required-label\" aria-hidden=\"true\">*<\/span><\/label><input type=\"email\" id=\"wpforms-2260-field_1\" class=\"wpforms-field-large wpforms-field-required\" name=\"wpforms[fields][1]\" spellcheck=\"false\" aria-errormessage=\"wpforms-2260-field_1-error\" required><\/div><div id=\"wpforms-2260-field_2-container\" class=\"wpforms-field wpforms-field-textarea\" data-field-id=\"2\"><label class=\"wpforms-field-label\" for=\"wpforms-2260-field_2\">Ihre Nachricht<\/label><textarea id=\"wpforms-2260-field_2\" class=\"wpforms-field-medium\" name=\"wpforms[fields][2]\" aria-errormessage=\"wpforms-2260-field_2-error\" ><\/textarea><\/div><div id=\"wpforms-2260-field_4-container\" class=\"wpforms-field wpforms-field-checkbox\" data-field-id=\"4\"><fieldset><legend class=\"wpforms-field-label wpforms-label-hide\" aria-hidden=\"false\"> <span class=\"wpforms-required-label\" aria-hidden=\"true\">*<\/span><\/legend><ul id=\"wpforms-2260-field_4\" class=\"wpforms-field-required\"><li class=\"choice-1 depth-1\"><input type=\"checkbox\" id=\"wpforms-2260-field_4_1\" name=\"wpforms[fields][4][]\" value=\"Ich stimme den Datenschutzbestimmungen zu.\" aria-errormessage=\"wpforms-2260-field_4_1-error\" required ><label class=\"wpforms-field-label-inline\" for=\"wpforms-2260-field_4_1\">Ich stimme den Datenschutzbestimmungen zu. <span class=\"wpforms-required-label\">*<\/span><\/label><\/li><\/ul><\/fieldset><\/div><\/div><!-- .wpforms-field-container --><div class=\"wpforms-submit-container\" ><input type=\"hidden\" name=\"wpforms[id]\" value=\"2260\"><input type=\"hidden\" name=\"wpforms[author]\" value=\"1\"><button type=\"submit\" name=\"wpforms[submit]\" id=\"wpforms-submit-2260\" class=\"wpforms-submit\" data-alt-text=\"Senden\u2026\" data-submit-text=\"senden\" aria-live=\"assertive\" value=\"wpforms-submit\">senden<\/button><img loading=\"lazy\" decoding=\"async\" src=\"https:\/\/hapro.gmbh\/HAPro\/wp-content\/plugins\/wpforms-lite\/assets\/images\/submit-spin.svg\" class=\"wpforms-submit-spinner\" style=\"display: none;\" width=\"26\" height=\"26\" alt=\"Wird geladen\"><\/div><\/form><\/div>  <!-- .wpforms-container --><\/div>\n<\/div>\n","protected":false},"excerpt":{"rendered":"<p>Wir freuen uns \u00fcber Ihr Interesse und stehen Ihnen gerne zur Verf\u00fcgung, um Ihnen weiterzuhelfen und Ihre Anliegen zu kl\u00e4ren. Hier finden Sie alle notwendigen Informationen, um mit uns in Kontakt zu treten: Henkel Anlagen- und Prozesstechnik GmbHSunderkamp 748165 M\u00fcnster Fon: 02501 5887074Mail: info@hapro.gmbh Kontaktformular Fragen, Anregungen, Kritik? Schreiben Sie uns gerne eine Nachricht. Wir&hellip; <br \/> <a class=\"read-more\" href=\"https:\/\/hapro.gmbh\/HAPro\/index.php\/kontakt\/\">Weiterlesen<\/a><\/p>\n","protected":false},"author":1,"featured_media":2482,"parent":0,"menu_order":0,"comment_status":"closed","ping_status":"closed","template":"","meta":{"_editorskit_title_hidden":false,"_editorskit_reading_time":0,"_editorskit_is_block_options_detached":false,"_editorskit_block_options_position":"{}","footnotes":""},"class_list":["post-807","page","type-page","status-publish","has-post-thumbnail","hentry"],"_links":{"self":[{"href":"https:\/\/hapro.gmbh\/HAPro\/index.php\/wp-json\/wp\/v2\/pages\/807","targetHints":{"allow":["GET"]}}],"collection":[{"href":"https:\/\/hapro.gmbh\/HAPro\/index.php\/wp-json\/wp\/v2\/pages"}],"about":[{"href":"https:\/\/hapro.gmbh\/HAPro\/index.php\/wp-json\/wp\/v2\/types\/page"}],"author":[{"embeddable":true,"href":"https:\/\/hapro.gmbh\/HAPro\/index.php\/wp-json\/wp\/v2\/users\/1"}],"replies":[{"embeddable":true,"href":"https:\/\/hapro.gmbh\/HAPro\/index.php\/wp-json\/wp\/v2\/comments?post=807"}],"version-history":[{"count":23,"href":"https:\/\/hapro.gmbh\/HAPro\/index.php\/wp-json\/wp\/v2\/pages\/807\/revisions"}],"predecessor-version":[{"id":4277,"href":"https:\/\/hapro.gmbh\/HAPro\/index.php\/wp-json\/wp\/v2\/pages\/807\/revisions\/4277"}],"wp:featuredmedia":[{"embeddable":true,"href":"https:\/\/hapro.gmbh\/HAPro\/index.php\/wp-json\/wp\/v2\/media\/2482"}],"wp:attachment":[{"href":"https:\/\/hapro.gmbh\/HAPro\/index.php\/wp-json\/wp\/v2\/media?parent=807"}],"curies":[{"name":"wp","href":"https:\/\/api.w.org\/{rel}","templated":true}]}}