{"id":74,"date":"2023-10-05T14:51:44","date_gmt":"2023-10-05T12:51:44","guid":{"rendered":"https:\/\/hapro.gmbh\/HAPro\/?page_id=74"},"modified":"2023-11-29T14:25:02","modified_gmt":"2023-11-29T13:25:02","slug":"leistungsphase-4","status":"publish","type":"page","link":"https:\/\/hapro.gmbh\/HAPro\/index.php\/leistungsphase-4\/","title":{"rendered":"Planungsphase 4"},"content":{"rendered":"\n<div class=\"wp-block-columns is-layout-flex wp-container-core-columns-is-layout-9d6595d7 wp-block-columns-is-layout-flex\">\n<div class=\"wp-block-column is-layout-flow wp-block-column-is-layout-flow\" style=\"flex-basis:50%\">\n<h2 class=\"wp-block-heading\">Statik und Konstruktion<\/h2>\n\n\n\n<p>Nach Abschluss des Basic-Engineerings inkl. Lastangaben berechnet der Statiker die erforderlichen Profile, Verbindungen und Anschl\u00fcsse. Auf Grundlage des Basic-Engineerings werden unter Ber\u00fccksichtigung der statischen Berechnung die Stahlbaukonstruktionen und Schurren konstruiert. Die Werkstattzeichnungen mit St\u00fccklisten und NC-Daten werden erstellt. Damit sind unsere Kunden in der Lage, alle Projektkomponenten eigenst\u00e4ndig und ohne Zuschl\u00e4ge von Generalunternehmern etc. einzukaufen.<\/p>\n\n\n\n<p>Die Vordimensionierung der Tr\u00e4gergr\u00f6\u00dfen erfolgt bereits in der Leistungsstufe 3 durch einen erfahrenen Projektingenieur.<\/p>\n\n\n\n<p>Aufgrund unserer langj\u00e4hrigen Erfahrung und Vorgehensweise planen wir sehr stabile und schwere Stahlkonstruktionen, die vibrationsarm sind und eine lange Lebensdauer garantieren.<\/p>\n\n\n\n<p>Schurren sind in jeder Aufbereitungsanlage die am meisten untersch\u00e4tzten Bauteile mit dem gr\u00f6\u00dften Schwachstellenpotential. Die Konstruktion von Schurren ist daher eine sehr anspruchsvolle Aufgabe, die nur mit entsprechender Erfahrung gel\u00f6st werden kann. So wird z.B. eine Schurre f\u00fcr Jurakalk aufgrund der Material- und Verschlei\u00dfeigenschaften anders ausgef\u00fchrt als eine Schurre f\u00fcr Quarzit. Auch der Grenzbereich von Materialpolstern gegen\u00fcber Schurren ist sehr variabel. Neben den unterschiedlichen Materialeigenschaften sind eine hohe Stabilit\u00e4t und eine gute Zug\u00e4nglichkeit f\u00fcr die Wartung unabdingbar. Ziel und Ergebnis: finale Ausf\u00fchrungs-, Werkstatt- und Montagezeichnungen mit Baukasten- und Strukturst\u00fccklisten.<\/p>\n\n\n<div class=\"wp-block-image\">\n<figure class=\"alignleft size-large\"><img loading=\"lazy\" decoding=\"async\" width=\"953\" height=\"1024\" src=\"https:\/\/hapro.gmbh\/HAPro\/wp-content\/uploads\/2023\/11\/Screenshot-2023-11-05-183813-1-953x1024.jpg\" alt=\"\" class=\"wp-image-4181\" srcset=\"https:\/\/hapro.gmbh\/HAPro\/wp-content\/uploads\/2023\/11\/Screenshot-2023-11-05-183813-1-953x1024.jpg 953w, https:\/\/hapro.gmbh\/HAPro\/wp-content\/uploads\/2023\/11\/Screenshot-2023-11-05-183813-1-279x300.jpg 279w, https:\/\/hapro.gmbh\/HAPro\/wp-content\/uploads\/2023\/11\/Screenshot-2023-11-05-183813-1-768x825.jpg 768w, https:\/\/hapro.gmbh\/HAPro\/wp-content\/uploads\/2023\/11\/Screenshot-2023-11-05-183813-1.jpg 971w\" sizes=\"auto, (max-width: 953px) 100vw, 953px\" \/><\/figure>\n<\/div><\/div>\n\n\n\n<div class=\"wp-block-column is-layout-flow wp-block-column-is-layout-flow\" style=\"flex-basis:50%\">\n<figure class=\"wp-block-image size-large is-resized\"><img loading=\"lazy\" decoding=\"async\" width=\"1024\" height=\"640\" src=\"https:\/\/hapro.gmbh\/HAPro\/wp-content\/uploads\/2023\/10\/KS320934162.15-1024x640.jpg\" alt=\"\" class=\"wp-image-3401\" style=\"aspect-ratio:1.6;width:842px;height:auto\" srcset=\"https:\/\/hapro.gmbh\/HAPro\/wp-content\/uploads\/2023\/10\/KS320934162.15-1024x640.jpg 1024w, https:\/\/hapro.gmbh\/HAPro\/wp-content\/uploads\/2023\/10\/KS320934162.15-300x188.jpg 300w, https:\/\/hapro.gmbh\/HAPro\/wp-content\/uploads\/2023\/10\/KS320934162.15-768x480.jpg 768w, https:\/\/hapro.gmbh\/HAPro\/wp-content\/uploads\/2023\/10\/KS320934162.15-1536x960.jpg 1536w, https:\/\/hapro.gmbh\/HAPro\/wp-content\/uploads\/2023\/10\/KS320934162.15-2048x1280.jpg 2048w, https:\/\/hapro.gmbh\/HAPro\/wp-content\/uploads\/2023\/10\/KS320934162.15-1728x1080.jpg 1728w\" sizes=\"auto, (max-width: 1024px) 100vw, 1024px\" \/><figcaption class=\"wp-element-caption\">komplette Werksplanung<\/figcaption><\/figure>\n\n\n\n<figure class=\"wp-block-image size-large is-resized\"><img loading=\"lazy\" decoding=\"async\" width=\"1024\" height=\"640\" src=\"https:\/\/hapro.gmbh\/HAPro\/wp-content\/uploads\/2023\/10\/KS320934162.13-1024x640.jpg\" alt=\"\" class=\"wp-image-3403\" style=\"aspect-ratio:1.6;width:844px;height:auto\" srcset=\"https:\/\/hapro.gmbh\/HAPro\/wp-content\/uploads\/2023\/10\/KS320934162.13-1024x640.jpg 1024w, https:\/\/hapro.gmbh\/HAPro\/wp-content\/uploads\/2023\/10\/KS320934162.13-300x188.jpg 300w, https:\/\/hapro.gmbh\/HAPro\/wp-content\/uploads\/2023\/10\/KS320934162.13-768x480.jpg 768w, https:\/\/hapro.gmbh\/HAPro\/wp-content\/uploads\/2023\/10\/KS320934162.13-1536x960.jpg 1536w, https:\/\/hapro.gmbh\/HAPro\/wp-content\/uploads\/2023\/10\/KS320934162.13-2048x1280.jpg 2048w, https:\/\/hapro.gmbh\/HAPro\/wp-content\/uploads\/2023\/10\/KS320934162.13-1728x1080.jpg 1728w\" sizes=\"auto, (max-width: 1024px) 100vw, 1024px\" \/><\/figure>\n<\/div>\n<\/div>\n","protected":false},"excerpt":{"rendered":"<p>Statik und Konstruktion Nach Abschluss des Basic-Engineerings inkl. Lastangaben berechnet der Statiker die erforderlichen Profile, Verbindungen und Anschl\u00fcsse. Auf Grundlage des Basic-Engineerings werden unter Ber\u00fccksichtigung der statischen Berechnung die Stahlbaukonstruktionen und Schurren konstruiert. Die Werkstattzeichnungen mit St\u00fccklisten und NC-Daten werden erstellt. Damit sind unsere Kunden in der Lage, alle Projektkomponenten eigenst\u00e4ndig und ohne Zuschl\u00e4ge von&hellip; <br \/> <a class=\"read-more\" href=\"https:\/\/hapro.gmbh\/HAPro\/index.php\/leistungsphase-4\/\">Weiterlesen<\/a><\/p>\n","protected":false},"author":1,"featured_media":3037,"parent":0,"menu_order":0,"comment_status":"closed","ping_status":"closed","template":"","meta":{"_editorskit_title_hidden":false,"_editorskit_reading_time":0,"_editorskit_is_block_options_detached":false,"_editorskit_block_options_position":"{}","footnotes":""},"class_list":["post-74","page","type-page","status-publish","has-post-thumbnail","hentry"],"_links":{"self":[{"href":"https:\/\/hapro.gmbh\/HAPro\/index.php\/wp-json\/wp\/v2\/pages\/74","targetHints":{"allow":["GET"]}}],"collection":[{"href":"https:\/\/hapro.gmbh\/HAPro\/index.php\/wp-json\/wp\/v2\/pages"}],"about":[{"href":"https:\/\/hapro.gmbh\/HAPro\/index.php\/wp-json\/wp\/v2\/types\/page"}],"author":[{"embeddable":true,"href":"https:\/\/hapro.gmbh\/HAPro\/index.php\/wp-json\/wp\/v2\/users\/1"}],"replies":[{"embeddable":true,"href":"https:\/\/hapro.gmbh\/HAPro\/index.php\/wp-json\/wp\/v2\/comments?post=74"}],"version-history":[{"count":15,"href":"https:\/\/hapro.gmbh\/HAPro\/index.php\/wp-json\/wp\/v2\/pages\/74\/revisions"}],"predecessor-version":[{"id":4685,"href":"https:\/\/hapro.gmbh\/HAPro\/index.php\/wp-json\/wp\/v2\/pages\/74\/revisions\/4685"}],"wp:featuredmedia":[{"embeddable":true,"href":"https:\/\/hapro.gmbh\/HAPro\/index.php\/wp-json\/wp\/v2\/media\/3037"}],"wp:attachment":[{"href":"https:\/\/hapro.gmbh\/HAPro\/index.php\/wp-json\/wp\/v2\/media?parent=74"}],"curies":[{"name":"wp","href":"https:\/\/api.w.org\/{rel}","templated":true}]}}