{"id":71,"date":"2023-10-05T14:50:58","date_gmt":"2023-10-05T12:50:58","guid":{"rendered":"https:\/\/hapro.gmbh\/HAPro\/?page_id=71"},"modified":"2023-11-05T18:24:44","modified_gmt":"2023-11-05T17:24:44","slug":"leistungsphase-3","status":"publish","type":"page","link":"https:\/\/hapro.gmbh\/HAPro\/index.php\/leistungsphase-3\/","title":{"rendered":"Planungsphase 3"},"content":{"rendered":"\n<div class=\"wp-block-columns is-layout-flex wp-container-core-columns-is-layout-9d6595d7 wp-block-columns-is-layout-flex\">\n<div class=\"wp-block-column is-layout-flow wp-block-column-is-layout-flow\" style=\"flex-basis:50%\">\n<h2 class=\"wp-block-heading\">Feinplanung<\/h2>\n\n\n\n<p>Nachdem die Ausf\u00fchrung f\u00fcr einen Bauabschnitt spezifiziert ist und die Auftr\u00e4ge an die Lieferanten vergeben sind, erfolgt in dieser Leistungsphase die finale Projektierung in enger Abstimmung mit den Statikern, Konstrukteuren und Herstellern. In dieser Phase werden z.B. s\u00e4mtliche Geb\u00e4udeachsen und H\u00f6henniveaus, Verkehrswegeplanungen, Schurrenkonturen und Schnittstellen der Bauteile untereinander abschlie\u00dfend abgestimmt.<\/p>\n\n\n\n<p>Ziel und Ergebnis: abgeschlossene Projektierung der Bauma\u00dfnahme mit \u00dcbergabe an Statiker, Konstruktion und Lieferanten. Die Leistungsphase beinhaltet die Abstimmung und \u00dcberwachung der Ausf\u00fchrungsplanung sowie die Pr\u00fcfung und Freigabe der Ausf\u00fchrungszeichnungen.<\/p>\n<\/div>\n\n\n\n<div class=\"wp-block-column is-layout-flow wp-block-column-is-layout-flow\" style=\"flex-basis:50%\">\n<figure class=\"wp-block-image size-large is-resized\"><img loading=\"lazy\" decoding=\"async\" width=\"1024\" height=\"710\" src=\"https:\/\/hapro.gmbh\/HAPro\/wp-content\/uploads\/2023\/10\/KS1833415062.21-1024x710.jpg\" alt=\"\" class=\"wp-image-3399\" style=\"aspect-ratio:1.3333333333333333;width:840px;height:auto\" srcset=\"https:\/\/hapro.gmbh\/HAPro\/wp-content\/uploads\/2023\/10\/KS1833415062.21-1024x710.jpg 1024w, https:\/\/hapro.gmbh\/HAPro\/wp-content\/uploads\/2023\/10\/KS1833415062.21-300x208.jpg 300w, https:\/\/hapro.gmbh\/HAPro\/wp-content\/uploads\/2023\/10\/KS1833415062.21-768x532.jpg 768w, https:\/\/hapro.gmbh\/HAPro\/wp-content\/uploads\/2023\/10\/KS1833415062.21-1536x1065.jpg 1536w, https:\/\/hapro.gmbh\/HAPro\/wp-content\/uploads\/2023\/10\/KS1833415062.21-2048x1420.jpg 2048w, https:\/\/hapro.gmbh\/HAPro\/wp-content\/uploads\/2023\/10\/KS1833415062.21-1558x1080.jpg 1558w\" sizes=\"auto, (max-width: 1024px) 100vw, 1024px\" \/><figcaption class=\"wp-element-caption\">Nachbrechergeb\u00e4ude mit zwei Kegelbrecher<\/figcaption><\/figure>\n\n\n\n<figure class=\"wp-block-image size-large is-resized is-style-default\"><img loading=\"lazy\" decoding=\"async\" width=\"1024\" height=\"640\" src=\"https:\/\/hapro.gmbh\/HAPro\/wp-content\/uploads\/2023\/10\/AT-128-Lausitzer-Grauwacke-2-1024x640.jpg\" alt=\"\" class=\"wp-image-3397\" style=\"aspect-ratio:1.6;width:837px;height:auto\" srcset=\"https:\/\/hapro.gmbh\/HAPro\/wp-content\/uploads\/2023\/10\/AT-128-Lausitzer-Grauwacke-2-1024x640.jpg 1024w, https:\/\/hapro.gmbh\/HAPro\/wp-content\/uploads\/2023\/10\/AT-128-Lausitzer-Grauwacke-2-300x188.jpg 300w, https:\/\/hapro.gmbh\/HAPro\/wp-content\/uploads\/2023\/10\/AT-128-Lausitzer-Grauwacke-2-768x480.jpg 768w, https:\/\/hapro.gmbh\/HAPro\/wp-content\/uploads\/2023\/10\/AT-128-Lausitzer-Grauwacke-2-1536x960.jpg 1536w, https:\/\/hapro.gmbh\/HAPro\/wp-content\/uploads\/2023\/10\/AT-128-Lausitzer-Grauwacke-2-2048x1280.jpg 2048w, https:\/\/hapro.gmbh\/HAPro\/wp-content\/uploads\/2023\/10\/AT-128-Lausitzer-Grauwacke-2-1728x1080.jpg 1728w\" sizes=\"auto, (max-width: 1024px) 100vw, 1024px\" \/><figcaption class=\"wp-element-caption\">Vorbrechanlage f\u00fcr Grauwacke<\/figcaption><\/figure>\n<\/div>\n<\/div>\n","protected":false},"excerpt":{"rendered":"<p>Feinplanung Nachdem die Ausf\u00fchrung f\u00fcr einen Bauabschnitt spezifiziert ist und die Auftr\u00e4ge an die Lieferanten vergeben sind, erfolgt in dieser Leistungsphase die finale Projektierung in enger Abstimmung mit den Statikern, Konstrukteuren und Herstellern. In dieser Phase werden z.B. s\u00e4mtliche Geb\u00e4udeachsen und H\u00f6henniveaus, Verkehrswegeplanungen, Schurrenkonturen und Schnittstellen der Bauteile untereinander abschlie\u00dfend abgestimmt. Ziel und Ergebnis: abgeschlossene&hellip; <br \/> <a class=\"read-more\" href=\"https:\/\/hapro.gmbh\/HAPro\/index.php\/leistungsphase-3\/\">Weiterlesen<\/a><\/p>\n","protected":false},"author":1,"featured_media":3038,"parent":0,"menu_order":0,"comment_status":"closed","ping_status":"closed","template":"","meta":{"_editorskit_title_hidden":false,"_editorskit_reading_time":0,"_editorskit_is_block_options_detached":false,"_editorskit_block_options_position":"{}","footnotes":""},"class_list":["post-71","page","type-page","status-publish","has-post-thumbnail","hentry"],"_links":{"self":[{"href":"https:\/\/hapro.gmbh\/HAPro\/index.php\/wp-json\/wp\/v2\/pages\/71","targetHints":{"allow":["GET"]}}],"collection":[{"href":"https:\/\/hapro.gmbh\/HAPro\/index.php\/wp-json\/wp\/v2\/pages"}],"about":[{"href":"https:\/\/hapro.gmbh\/HAPro\/index.php\/wp-json\/wp\/v2\/types\/page"}],"author":[{"embeddable":true,"href":"https:\/\/hapro.gmbh\/HAPro\/index.php\/wp-json\/wp\/v2\/users\/1"}],"replies":[{"embeddable":true,"href":"https:\/\/hapro.gmbh\/HAPro\/index.php\/wp-json\/wp\/v2\/comments?post=71"}],"version-history":[{"count":8,"href":"https:\/\/hapro.gmbh\/HAPro\/index.php\/wp-json\/wp\/v2\/pages\/71\/revisions"}],"predecessor-version":[{"id":4171,"href":"https:\/\/hapro.gmbh\/HAPro\/index.php\/wp-json\/wp\/v2\/pages\/71\/revisions\/4171"}],"wp:featuredmedia":[{"embeddable":true,"href":"https:\/\/hapro.gmbh\/HAPro\/index.php\/wp-json\/wp\/v2\/media\/3038"}],"wp:attachment":[{"href":"https:\/\/hapro.gmbh\/HAPro\/index.php\/wp-json\/wp\/v2\/media?parent=71"}],"curies":[{"name":"wp","href":"https:\/\/api.w.org\/{rel}","templated":true}]}}