{"id":69,"date":"2023-10-05T14:50:38","date_gmt":"2023-10-05T12:50:38","guid":{"rendered":"https:\/\/hapro.gmbh\/HAPro\/?page_id=69"},"modified":"2023-11-05T18:25:27","modified_gmt":"2023-11-05T17:25:27","slug":"leistungsphase-2","status":"publish","type":"page","link":"https:\/\/hapro.gmbh\/HAPro\/index.php\/leistungsphase-2\/","title":{"rendered":"Planungsphase 2"},"content":{"rendered":"\n<div class=\"wp-block-columns is-layout-flex wp-container-core-columns-is-layout-9d6595d7 wp-block-columns-is-layout-flex\">\n<div class=\"wp-block-column is-layout-flow wp-block-column-is-layout-flow\" style=\"flex-basis:50%\">\n<h2 class=\"wp-block-heading\">Grobplanung<\/h2>\n\n\n\n<p>Diese Leistungsphase baut auf der Konzept- und Grundlagenplanung auf und wird h\u00e4ufig gemeinsam mit dieser durchgef\u00fchrt. Bei kleineren Bauvorhaben wird das Basic-Engineering h\u00e4ufig ohne vorherige Konzeptplanung durchgef\u00fchrt. In dieser Planungsphase werden die Teilbereiche des Projektes soweit durchkonzipiert, dass die grunds\u00e4tzliche Ausf\u00fchrung der Bauma\u00dfnahmen spezifiziert ist. Mit den daraus resultierenden Pl\u00e4nen kann die Anlage ausgeschrieben werden. Dar\u00fcber hinaus k\u00f6nnen diese Pl\u00e4ne in der Regel f\u00fcr das Genehmigungsverfahren verwendet werden.<\/p>\n\n\n\n<p>Ziel und Ergebnis: Projektzeichnungen und -beschreibungen sowie Leistungsverzeichnisse f\u00fcr Bauma\u00dfnahmen. Mit diesen Unterlagen k\u00f6nnen Angebote eingeholt und Auftr\u00e4ge vergeben werden. Bei der Durchf\u00fchrung eines Neu- oder Umbaus durch einen Generalunternehmer erfolgt in der Regel zu diesem Zeitpunkt die \u00dcbergabe zur weiteren Planung.<\/p>\n<\/div>\n\n\n\n<div class=\"wp-block-column is-layout-flow wp-block-column-is-layout-flow\" style=\"flex-basis:50%\">\n<figure class=\"wp-block-image size-full is-resized\"><img loading=\"lazy\" decoding=\"async\" width=\"800\" height=\"450\" src=\"https:\/\/hapro.gmbh\/HAPro\/wp-content\/uploads\/2023\/10\/Rendering_02.13.jpg\" alt=\"\" class=\"wp-image-3386\" style=\"aspect-ratio:1.7777777777777777;width:916px;height:auto\" srcset=\"https:\/\/hapro.gmbh\/HAPro\/wp-content\/uploads\/2023\/10\/Rendering_02.13.jpg 800w, https:\/\/hapro.gmbh\/HAPro\/wp-content\/uploads\/2023\/10\/Rendering_02.13-300x169.jpg 300w, https:\/\/hapro.gmbh\/HAPro\/wp-content\/uploads\/2023\/10\/Rendering_02.13-768x432.jpg 768w\" sizes=\"auto, (max-width: 800px) 100vw, 800px\" \/><figcaption class=\"wp-element-caption\">Aufgabestation einer Schlacke Aufbereitungsanlage<\/figcaption><\/figure>\n\n\n\n<figure class=\"wp-block-image size-large is-resized\"><img loading=\"lazy\" decoding=\"async\" width=\"1024\" height=\"576\" src=\"https:\/\/hapro.gmbh\/HAPro\/wp-content\/uploads\/2023\/10\/Rendering_01-1024x576.jpg\" alt=\"\" class=\"wp-image-3387\" style=\"aspect-ratio:1.7777777777777777;width:920px;height:auto\" srcset=\"https:\/\/hapro.gmbh\/HAPro\/wp-content\/uploads\/2023\/10\/Rendering_01-1024x576.jpg 1024w, https:\/\/hapro.gmbh\/HAPro\/wp-content\/uploads\/2023\/10\/Rendering_01-300x169.jpg 300w, https:\/\/hapro.gmbh\/HAPro\/wp-content\/uploads\/2023\/10\/Rendering_01-768x432.jpg 768w, https:\/\/hapro.gmbh\/HAPro\/wp-content\/uploads\/2023\/10\/Rendering_01-1536x864.jpg 1536w, https:\/\/hapro.gmbh\/HAPro\/wp-content\/uploads\/2023\/10\/Rendering_01.jpg 1920w\" sizes=\"auto, (max-width: 1024px) 100vw, 1024px\" \/><figcaption class=\"wp-element-caption\">Aufbereitungsanlage f\u00fcr Hochofenschlacke<\/figcaption><\/figure>\n<\/div>\n<\/div>\n","protected":false},"excerpt":{"rendered":"<p>Grobplanung Diese Leistungsphase baut auf der Konzept- und Grundlagenplanung auf und wird h\u00e4ufig gemeinsam mit dieser durchgef\u00fchrt. Bei kleineren Bauvorhaben wird das Basic-Engineering h\u00e4ufig ohne vorherige Konzeptplanung durchgef\u00fchrt. In dieser Planungsphase werden die Teilbereiche des Projektes soweit durchkonzipiert, dass die grunds\u00e4tzliche Ausf\u00fchrung der Bauma\u00dfnahmen spezifiziert ist. Mit den daraus resultierenden Pl\u00e4nen kann die Anlage ausgeschrieben&hellip; <br \/> <a class=\"read-more\" href=\"https:\/\/hapro.gmbh\/HAPro\/index.php\/leistungsphase-2\/\">Weiterlesen<\/a><\/p>\n","protected":false},"author":1,"featured_media":3035,"parent":0,"menu_order":0,"comment_status":"closed","ping_status":"closed","template":"","meta":{"_editorskit_title_hidden":false,"_editorskit_reading_time":0,"_editorskit_is_block_options_detached":false,"_editorskit_block_options_position":"{}","footnotes":""},"class_list":["post-69","page","type-page","status-publish","has-post-thumbnail","hentry"],"_links":{"self":[{"href":"https:\/\/hapro.gmbh\/HAPro\/index.php\/wp-json\/wp\/v2\/pages\/69","targetHints":{"allow":["GET"]}}],"collection":[{"href":"https:\/\/hapro.gmbh\/HAPro\/index.php\/wp-json\/wp\/v2\/pages"}],"about":[{"href":"https:\/\/hapro.gmbh\/HAPro\/index.php\/wp-json\/wp\/v2\/types\/page"}],"author":[{"embeddable":true,"href":"https:\/\/hapro.gmbh\/HAPro\/index.php\/wp-json\/wp\/v2\/users\/1"}],"replies":[{"embeddable":true,"href":"https:\/\/hapro.gmbh\/HAPro\/index.php\/wp-json\/wp\/v2\/comments?post=69"}],"version-history":[{"count":9,"href":"https:\/\/hapro.gmbh\/HAPro\/index.php\/wp-json\/wp\/v2\/pages\/69\/revisions"}],"predecessor-version":[{"id":4173,"href":"https:\/\/hapro.gmbh\/HAPro\/index.php\/wp-json\/wp\/v2\/pages\/69\/revisions\/4173"}],"wp:featuredmedia":[{"embeddable":true,"href":"https:\/\/hapro.gmbh\/HAPro\/index.php\/wp-json\/wp\/v2\/media\/3035"}],"wp:attachment":[{"href":"https:\/\/hapro.gmbh\/HAPro\/index.php\/wp-json\/wp\/v2\/media?parent=69"}],"curies":[{"name":"wp","href":"https:\/\/api.w.org\/{rel}","templated":true}]}}