{"id":4471,"date":"2023-11-29T11:06:36","date_gmt":"2023-11-29T10:06:36","guid":{"rendered":"https:\/\/hapro.gmbh\/HAPro\/?page_id=4471"},"modified":"2023-11-30T12:30:40","modified_gmt":"2023-11-30T11:30:40","slug":"karriere","status":"publish","type":"page","link":"https:\/\/hapro.gmbh\/HAPro\/index.php\/karriere\/","title":{"rendered":"Wir suchen dich!"},"content":{"rendered":"\n<div class=\"wp-block-columns is-layout-flex wp-container-core-columns-is-layout-9d6595d7 wp-block-columns-is-layout-flex\">\n<div class=\"wp-block-column is-layout-flow wp-block-column-is-layout-flow\" style=\"flex-basis:75%\">\n<p>Um die starke Nachfrage abdecken zu k\u00f6nnen suchen wir zum n\u00e4chstm\u00f6glichen Zeitpunkt einen<\/p>\n\n\n\n<h2 class=\"wp-block-heading\">Technischen Produktdesigner \/ Technischen Zeichner (m\/w\/d) <\/h2>\n\n\n\n<p><a href=\"https:\/\/hapro.gmbh\/HAPro\/wp-content\/uploads\/2023\/11\/Tech_ProdDes-Zeich_mwd_Nov.pdf\" target=\"_blank\" aria-label=\" download &gt; (opens in a new tab)\" rel=\"noreferrer noopener\" class=\"ek-link\"><img loading=\"lazy\" decoding=\"async\" width=\"20\" height=\"23\" class=\"wp-image-4561\" style=\"width: 20px;\" src=\"https:\/\/hapro.gmbh\/HAPro\/wp-content\/uploads\/2023\/11\/PDF.webp\" alt=\"\"> download ><\/a><a href=\"http:\/\/werew\" class=\"ek-link\"><br><\/a><\/p>\n<\/div>\n\n\n\n<div class=\"wp-block-column is-layout-flow wp-block-column-is-layout-flow\" style=\"flex-basis:25%\"><\/div>\n<\/div>\n\n\n\n<div style=\"height:150px\" aria-hidden=\"true\" class=\"wp-block-spacer\"><\/div>\n\n\n\n<p><\/p>\n\n\n\n<div class=\"wp-block-columns is-layout-flex wp-container-core-columns-is-layout-9d6595d7 wp-block-columns-is-layout-flex\">\n<div class=\"wp-block-column is-layout-flow wp-block-column-is-layout-flow\">\n<h3 class=\"wp-block-heading\"><strong>Dein Aufgabenbereich<\/strong><\/h3>\n\n\n\n<ul class=\"wp-block-list\">\n<li>Du arbeitest an Entw\u00fcrfen und der Detaillierung von Anlagenkonzepten<\/li>\n\n\n\n<li>Du fertigst Gel\u00e4nde-, Fundament- sowie Aufstellungspl\u00e4ne an und f\u00fcgst selbsterstellte Einzelteile, Baugruppen und Anlagenteile ein<\/li>\n\n\n\n<li>Du arbeitest an Flie\u00dfbildern und erstellst Zeichnungsableitungen<\/li>\n\n\n\n<li>Du \u00fcbernimmst Bestandszeichnungen und Aufma\u00dfe in CAD<\/li>\n\n\n\n<li>Du arbeitest eng mit unseren Kunden, Herstellern von Anlagenausr\u00fcstung, Anlagenbauern sowie Ingenieurb\u00fcros zusammen<\/li>\n<\/ul>\n\n\n\n<p><\/p>\n\n\n\n<h3 class=\"wp-block-heading\"><strong>Wir bieten dir<\/strong><\/h3>\n\n\n\n<ul class=\"wp-block-list\">\n<li>Einen interessanten, abwechslungsreichen Aufgabenbereich mit einer umfassenden Einarbeitung<\/li>\n\n\n\n<li>Schrittweise Eigenverantwortung bei deinen Aufgaben<\/li>\n\n\n\n<li>Die M\u00f6glichkeit zur pers\u00f6nlichen und fachlichen Weiterentwicklung in einem kleinen Team<\/li>\n\n\n\n<li>Gleitzeitregelung sowie Homeoffice<\/li>\n\n\n\n<li>Vollzeit- oder Teilzeitstelle je nach Lebenssituation<\/li>\n\n\n\n<li>Unbefristeter Arbeitsvertrag<\/li>\n\n\n\n<li>Leistungsbezogene Verg\u00fctung<\/li>\n\n\n\n<li>30 Tage Urlaub<\/li>\n\n\n\n<li>Moderne Ausstattung<\/li>\n<\/ul>\n<\/div>\n\n\n\n<div class=\"wp-block-column is-layout-flow wp-block-column-is-layout-flow\">\n<h3 class=\"wp-block-heading\"><strong>Dein Profil<\/strong><\/h3>\n\n\n\n<ul class=\"wp-block-list\">\n<li>Du hast eine erfolgreich abgeschlossene Ausbildung zum Technischen Zeichner (m\/w\/d) \/ Produktdesigner (m\/w\/d) und eventuell erste Erfahrungen in vergleichbaren Branchen<\/li>\n\n\n\n<li>Du besitzt CAD-Kenntnisse in Solid Edge, Inventor, AutoCAD oder vergleichbare Programme<\/li>\n\n\n\n<li>Du bist ein absoluter Teamplayer und deine Arbeitsweise ist gepr\u00e4gt von Struktur, Selbstst\u00e4ndigkeit sowie Eigenverantwortung<\/li>\n\n\n\n<li>Dich zeichnen eine hohe Technikaffinit\u00e4t sowie die Begeisterung f\u00fcr anspruchsvolle und komplexe technische Zusammenh\u00e4nge aus<\/li>\n\n\n\n<li>Du verf\u00fcgst \u00fcber gute Deutschkenntnisse<\/li>\n<\/ul>\n\n\n\n<p><\/p>\n\n\n\n<p><\/p>\n\n\n\n<p class=\"has-white-color has-text-color has-background has-link-color wp-elements-dc63bec1bc934eda578dfef6964728fa\" style=\"background-color:#dc0000\"><strong>Haben wir dein Interesse geweckt?<\/strong><br>Dann bewirb dich jetzt innerhalb weniger Minuten einfach mit deinem Lebenslauf, den dazugeh\u00f6rigen Zeugnissen. Wir sind neugierig, Dich kennenzulernen!&nbsp;<\/p>\n\n\n\n<h3 class=\"wp-block-heading\"><strong>Dein Ansprechpartner<\/strong><\/h3>\n\n\n\n<p><strong>Sven Bredeck<\/strong><br><a href=\"tel:+49925015887075\" class=\"ek-link\">02501-5887075<\/a><br><a href=\"mailto: s.bredeck@hapro.gmbh\" class=\"ek-link\">s.bredeck@hapro.gmbh<\/a><\/p>\n<\/div>\n<\/div>\n\n\n\n<p><\/p>\n","protected":false},"excerpt":{"rendered":"<p>Um die starke Nachfrage abdecken zu k\u00f6nnen suchen wir zum n\u00e4chstm\u00f6glichen Zeitpunkt einen Technischen Produktdesigner \/ Technischen Zeichner (m\/w\/d) download > Dein Aufgabenbereich Wir bieten dir Dein Profil Haben wir dein Interesse geweckt?Dann bewirb dich jetzt innerhalb weniger Minuten einfach mit deinem Lebenslauf, den dazugeh\u00f6rigen Zeugnissen. Wir sind neugierig, Dich kennenzulernen!&nbsp; Dein Ansprechpartner Sven Bredeck02501-5887075s.bredeck@hapro.gmbh<\/p>\n","protected":false},"author":1,"featured_media":0,"parent":0,"menu_order":0,"comment_status":"closed","ping_status":"closed","template":"","meta":{"_editorskit_title_hidden":false,"_editorskit_reading_time":0,"_editorskit_is_block_options_detached":false,"_editorskit_block_options_position":"{}","footnotes":""},"class_list":["post-4471","page","type-page","status-publish","hentry"],"_links":{"self":[{"href":"https:\/\/hapro.gmbh\/HAPro\/index.php\/wp-json\/wp\/v2\/pages\/4471","targetHints":{"allow":["GET"]}}],"collection":[{"href":"https:\/\/hapro.gmbh\/HAPro\/index.php\/wp-json\/wp\/v2\/pages"}],"about":[{"href":"https:\/\/hapro.gmbh\/HAPro\/index.php\/wp-json\/wp\/v2\/types\/page"}],"author":[{"embeddable":true,"href":"https:\/\/hapro.gmbh\/HAPro\/index.php\/wp-json\/wp\/v2\/users\/1"}],"replies":[{"embeddable":true,"href":"https:\/\/hapro.gmbh\/HAPro\/index.php\/wp-json\/wp\/v2\/comments?post=4471"}],"version-history":[{"count":47,"href":"https:\/\/hapro.gmbh\/HAPro\/index.php\/wp-json\/wp\/v2\/pages\/4471\/revisions"}],"predecessor-version":[{"id":4702,"href":"https:\/\/hapro.gmbh\/HAPro\/index.php\/wp-json\/wp\/v2\/pages\/4471\/revisions\/4702"}],"wp:attachment":[{"href":"https:\/\/hapro.gmbh\/HAPro\/index.php\/wp-json\/wp\/v2\/media?parent=4471"}],"curies":[{"name":"wp","href":"https:\/\/api.w.org\/{rel}","templated":true}]}}