{"id":42,"date":"2023-10-05T14:11:22","date_gmt":"2023-10-05T12:11:22","guid":{"rendered":"https:\/\/hapro.gmbh\/HAPro\/?page_id=42"},"modified":"2023-11-27T20:02:52","modified_gmt":"2023-11-27T19:02:52","slug":"impressum","status":"publish","type":"page","link":"https:\/\/hapro.gmbh\/HAPro\/index.php\/impressum\/","title":{"rendered":"Impressum"},"content":{"rendered":"\n<p class=\"has-text-align-left\"><strong>Henkel Anlagen- und Prozesstechnik GmbH<\/strong><\/p>\n\n\n\n<p>Sunderkamp 7<br>48165 M\u00fcnster<\/p>\n\n\n\n<p><\/p>\n\n\n\n<p>Gesch\u00e4ftsf\u00fchrung:<br>Michel Henkel<br>Fon: <a href=\"tel:\/\/+4925015887074\">02501 5887074<br><\/a>Mail: <a href=\"mailto: info@hapro.gmbh\">info@hapro.gmbh<\/a><\/p>\n\n\n\n<p>Handelsregistereintrag: HRB 18877<br>Registergericht: M\u00fcnster<br>UST-ID-Nr.: DE 335046686<\/p>\n\n\n\n<p>Inhaltlich Verantwortlicher gem\u00e4\u00df \u00a7 6 MDStV:<br>Michel Henkel<\/p>\n\n\n\n<p>Technische Umsetzung + Design: Hohmann Design und Text GbR<\/p>\n\n\n\n<p>Haftungshinweis: <em>Mit dem Urteil vom 12. Mai 1998 entschied das Landgericht Hamburg, dass durch die Anbringung eines Links die Inhalte der gelinkten Seiten ggf. mit zu verantworten sind. Dies kann nur durch eine ausdr\u00fcckliche Distanzierung von diesem Inhalt verhindert werden.<br><br><\/em>Trotz sorgf\u00e4ltiger inhaltlicher Kontrolle \u00fcbernehmen wir keine Haftung f\u00fcr die Inhalte externer Links. F\u00fcr den Inhalt der verlinkten Seiten sind ausschlie\u00dflich deren Betreiber verantwortlich.<\/p>\n\n\n\n<p>Bildquellennachweise<\/p>\n\n\n\n<p>Header-Motiv Startseite:<br>\u00a9 Enrique del Barrio \u2013 stock.adobe.com<\/p>\n\n\n\n<p>Alle anderen Motive auf dieser Webseite:<br> \u00a9 Henkel Anlagen- und Prozesstechnik GmbH<\/p>\n","protected":false},"excerpt":{"rendered":"<p>Henkel Anlagen- und Prozesstechnik GmbH Sunderkamp 748165 M\u00fcnster Gesch\u00e4ftsf\u00fchrung:Michel HenkelFon: 02501 5887074Mail: info@hapro.gmbh Handelsregistereintrag: HRB 18877Registergericht: M\u00fcnsterUST-ID-Nr.: DE 335046686 Inhaltlich Verantwortlicher gem\u00e4\u00df \u00a7 6 MDStV:Michel Henkel Technische Umsetzung + Design: Hohmann Design und Text GbR Haftungshinweis: Mit dem Urteil vom 12. Mai 1998 entschied das Landgericht Hamburg, dass durch die Anbringung eines Links die Inhalte&hellip; <br \/> <a class=\"read-more\" href=\"https:\/\/hapro.gmbh\/HAPro\/index.php\/impressum\/\">Weiterlesen<\/a><\/p>\n","protected":false},"author":1,"featured_media":2483,"parent":0,"menu_order":0,"comment_status":"closed","ping_status":"closed","template":"","meta":{"_editorskit_title_hidden":false,"_editorskit_reading_time":0,"_editorskit_is_block_options_detached":false,"_editorskit_block_options_position":"{}","footnotes":""},"class_list":["post-42","page","type-page","status-publish","has-post-thumbnail","hentry"],"_links":{"self":[{"href":"https:\/\/hapro.gmbh\/HAPro\/index.php\/wp-json\/wp\/v2\/pages\/42","targetHints":{"allow":["GET"]}}],"collection":[{"href":"https:\/\/hapro.gmbh\/HAPro\/index.php\/wp-json\/wp\/v2\/pages"}],"about":[{"href":"https:\/\/hapro.gmbh\/HAPro\/index.php\/wp-json\/wp\/v2\/types\/page"}],"author":[{"embeddable":true,"href":"https:\/\/hapro.gmbh\/HAPro\/index.php\/wp-json\/wp\/v2\/users\/1"}],"replies":[{"embeddable":true,"href":"https:\/\/hapro.gmbh\/HAPro\/index.php\/wp-json\/wp\/v2\/comments?post=42"}],"version-history":[{"count":8,"href":"https:\/\/hapro.gmbh\/HAPro\/index.php\/wp-json\/wp\/v2\/pages\/42\/revisions"}],"predecessor-version":[{"id":4279,"href":"https:\/\/hapro.gmbh\/HAPro\/index.php\/wp-json\/wp\/v2\/pages\/42\/revisions\/4279"}],"wp:featuredmedia":[{"embeddable":true,"href":"https:\/\/hapro.gmbh\/HAPro\/index.php\/wp-json\/wp\/v2\/media\/2483"}],"wp:attachment":[{"href":"https:\/\/hapro.gmbh\/HAPro\/index.php\/wp-json\/wp\/v2\/media?parent=42"}],"curies":[{"name":"wp","href":"https:\/\/api.w.org\/{rel}","templated":true}]}}