{"id":23,"date":"2023-10-05T14:00:18","date_gmt":"2023-10-05T12:00:18","guid":{"rendered":"https:\/\/hapro.gmbh\/HAPro\/?page_id=23"},"modified":"2023-10-25T00:18:20","modified_gmt":"2023-10-24T22:18:20","slug":"angebotsbeschaffung","status":"publish","type":"page","link":"https:\/\/hapro.gmbh\/HAPro\/index.php\/angebotsbeschaffung\/","title":{"rendered":"Angebotsbeschaffung"},"content":{"rendered":"\n<div class=\"wp-block-group\"><div class=\"wp-block-group__inner-container is-layout-constrained wp-block-group-is-layout-constrained\">\n<div class=\"wp-block-columns is-layout-flex wp-container-core-columns-is-layout-9d6595d7 wp-block-columns-is-layout-flex\">\n<div class=\"wp-block-column is-layout-flow wp-block-column-is-layout-flow\" style=\"flex-basis:50%\">\n<p>Zu unseren Dienstleistungen geh\u00f6ren die Erstellung von herstellerneutralen Ausschreibungsunterlagen und die Angebotsbeschaffung f\u00fcr unsere Kunden. Die genaue Vorgehensweise stimmen wir im Vorfeld individuell mit unseren Kunden ab.<\/p>\n\n\n\n<p>Die Auswahl der Lieferanten erfolgt durch unsere Kunden. Selbstverst\u00e4ndlich beraten wir unsere Kunden bei Bedarf bei der Auswahl der Lieferanten.<\/p>\n\n\n\n<p>F\u00fcr die Ausschreibung der Komponenten verwenden wir unsere standardisierten Ausf\u00fchrungsrichtlinien, die wir im Vorfeldgemeinsam mit unseren Kunden entsprechend anpassen. Die Anbieter werden angewiesen , sich an die Ausf\u00fchrungsrichtlinien zu halten und ggf. Abweichungen zu beschreiben. Die genaue Spezifikation der anzubietenden Komponenten erm\u00f6glicht einen transparenten und objektiven Vergleich der Angebote.<\/p>\n\n\n\n<p>Aus den Angeboten erstellen wir einen neutralen Angebotsvergleich Neben dem Angebotsumfang bewerten wir auch Faktoren wie Referenzen, Zusammenarbeit und Auftreten der Anbieter sowie Erfahrungen aus anderen Projekten.<\/p>\n\n\n\n<p>Wir verpflichten uns gegen\u00fcber unseren Kunden zu einer absolut neutralen Bewertung der Anbieter und erm\u00f6glichen so eine objektive Betrachtung f\u00fcr die finale Auswahl eines Vertragspartners.<\/p>\n<\/div>\n\n\n\n<div class=\"wp-block-column is-layout-flow wp-block-column-is-layout-flow\" style=\"flex-basis:50%\">\n<figure class=\"wp-block-image size-large is-resized\"><img loading=\"lazy\" decoding=\"async\" width=\"1024\" height=\"408\" src=\"https:\/\/hapro.gmbh\/HAPro\/wp-content\/uploads\/2023\/10\/Bewertungsmatrix-1024x408.jpg\" alt=\"\" class=\"wp-image-3433\" style=\"aspect-ratio:1.7777777777777777;object-fit:cover;width:683px;height:auto\" srcset=\"https:\/\/hapro.gmbh\/HAPro\/wp-content\/uploads\/2023\/10\/Bewertungsmatrix-1024x408.jpg 1024w, https:\/\/hapro.gmbh\/HAPro\/wp-content\/uploads\/2023\/10\/Bewertungsmatrix-300x120.jpg 300w, https:\/\/hapro.gmbh\/HAPro\/wp-content\/uploads\/2023\/10\/Bewertungsmatrix-768x306.jpg 768w, https:\/\/hapro.gmbh\/HAPro\/wp-content\/uploads\/2023\/10\/Bewertungsmatrix.jpg 1234w\" sizes=\"auto, (max-width: 1024px) 100vw, 1024px\" \/><figcaption class=\"wp-element-caption\">Bewertungsmatrix f\u00fcr Angebotsauswertung<\/figcaption><\/figure>\n\n\n\n<p><\/p>\n\n\n\n<p><\/p>\n<\/div>\n<\/div>\n<\/div><\/div>\n","protected":false},"excerpt":{"rendered":"<p>Zu unseren Dienstleistungen geh\u00f6ren die Erstellung von herstellerneutralen Ausschreibungsunterlagen und die Angebotsbeschaffung f\u00fcr unsere Kunden. Die genaue Vorgehensweise stimmen wir im Vorfeld individuell mit unseren Kunden ab. Die Auswahl der Lieferanten erfolgt durch unsere Kunden. Selbstverst\u00e4ndlich beraten wir unsere Kunden bei Bedarf bei der Auswahl der Lieferanten. F\u00fcr die Ausschreibung der Komponenten verwenden wir unsere&hellip; <br \/> <a class=\"read-more\" href=\"https:\/\/hapro.gmbh\/HAPro\/index.php\/angebotsbeschaffung\/\">Weiterlesen<\/a><\/p>\n","protected":false},"author":1,"featured_media":2479,"parent":0,"menu_order":0,"comment_status":"closed","ping_status":"closed","template":"","meta":{"_editorskit_title_hidden":false,"_editorskit_reading_time":0,"_editorskit_is_block_options_detached":false,"_editorskit_block_options_position":"{}","footnotes":""},"class_list":["post-23","page","type-page","status-publish","has-post-thumbnail","hentry"],"_links":{"self":[{"href":"https:\/\/hapro.gmbh\/HAPro\/index.php\/wp-json\/wp\/v2\/pages\/23","targetHints":{"allow":["GET"]}}],"collection":[{"href":"https:\/\/hapro.gmbh\/HAPro\/index.php\/wp-json\/wp\/v2\/pages"}],"about":[{"href":"https:\/\/hapro.gmbh\/HAPro\/index.php\/wp-json\/wp\/v2\/types\/page"}],"author":[{"embeddable":true,"href":"https:\/\/hapro.gmbh\/HAPro\/index.php\/wp-json\/wp\/v2\/users\/1"}],"replies":[{"embeddable":true,"href":"https:\/\/hapro.gmbh\/HAPro\/index.php\/wp-json\/wp\/v2\/comments?post=23"}],"version-history":[{"count":8,"href":"https:\/\/hapro.gmbh\/HAPro\/index.php\/wp-json\/wp\/v2\/pages\/23\/revisions"}],"predecessor-version":[{"id":3437,"href":"https:\/\/hapro.gmbh\/HAPro\/index.php\/wp-json\/wp\/v2\/pages\/23\/revisions\/3437"}],"wp:featuredmedia":[{"embeddable":true,"href":"https:\/\/hapro.gmbh\/HAPro\/index.php\/wp-json\/wp\/v2\/media\/2479"}],"wp:attachment":[{"href":"https:\/\/hapro.gmbh\/HAPro\/index.php\/wp-json\/wp\/v2\/media?parent=23"}],"curies":[{"name":"wp","href":"https:\/\/api.w.org\/{rel}","templated":true}]}}