{"id":21,"date":"2023-10-05T14:00:05","date_gmt":"2023-10-05T12:00:05","guid":{"rendered":"https:\/\/hapro.gmbh\/HAPro\/?page_id=21"},"modified":"2023-10-25T00:14:54","modified_gmt":"2023-10-24T22:14:54","slug":"prozesstechnik","status":"publish","type":"page","link":"https:\/\/hapro.gmbh\/HAPro\/index.php\/prozesstechnik\/","title":{"rendered":"Prozesstechnik"},"content":{"rendered":"\n<div class=\"wp-block-columns is-layout-flex wp-container-core-columns-is-layout-9d6595d7 wp-block-columns-is-layout-flex\">\n<div class=\"wp-block-column is-layout-flow wp-block-column-is-layout-flow\" style=\"flex-basis:50%\">\n<p>Die Entwicklung und verfahrenstechnische Bewertung von komplexen Aufbereitungsprozessen mit Vorauslegung der Aggregate geh\u00f6rt zu unseren besonderen St\u00e4rken. Dabei verbinden wir unsere jahrzehntelange praktische Erfahrung mit entsprechendemHintergrundwissen.<\/p>\n\n\n\n<p>Kernst\u00fcck einer prozesstechnischen Betrachtung ist ein \u00fcbersichtliches Flie\u00dfbild der Aufbereitungsanlage. Wir bieten unter anderem eine Bestandsaufnahme mit Flie\u00dfbilderstellung und Prozesssimulation an.<\/p>\n\n\n\n<p>Mit verschiedenen Simulationsprogrammen sind wir in der Lage, die unterschiedlichen Betriebsweisen von Aufbereitungsanlagen abzubilden. Wir simulieren verschiedene Betriebsweisen, um unter anderem die Auslegung der Aggregate zu \u00fcberpr\u00fcfen und Schwachstellen aufzudecken.<br>Neben der Vorauslegung der Aggregate k\u00f6nnen wir unseren Kunden auch Empfehlungen f\u00fcr Siebb\u00f6den, Maschineneinstellungen, Brechwerkzeuge, Spalteinstellungen und die wirtschaftlichste Produktionsweise.<\/p>\n\n\n\n<p>Somit sind wir in der Lage, unsere Kunden neben der Planung und Projektbegleitung auch prozesstechnisch umfassend zu unterst\u00fctzen.<\/p>\n<\/div>\n\n\n\n<div class=\"wp-block-column is-layout-flow wp-block-column-is-layout-flow\" style=\"flex-basis:50%\">\n<figure class=\"wp-block-image size-full is-resized\"><img decoding=\"async\" src=\"https:\/\/hapro.gmbh\/HAPro\/wp-content\/uploads\/2023\/10\/Fliessbild_02.jpg\" alt=\"\" class=\"wp-image-3372\" style=\"aspect-ratio:2.0883620689655173;width:1248px;height:auto\"\/><figcaption class=\"wp-element-caption\">klassisches Fliessbild<\/figcaption><\/figure>\n\n\n\n<p><\/p>\n\n\n\n<p><\/p>\n\n\n\n<figure class=\"wp-block-image size-large is-resized\"><img loading=\"lazy\" decoding=\"async\" width=\"1024\" height=\"576\" src=\"https:\/\/hapro.gmbh\/HAPro\/wp-content\/uploads\/2023\/10\/KS3662426992.67-1-1024x576.jpg\" alt=\"\" class=\"wp-image-3429\" style=\"aspect-ratio:1.7777777777777777;width:1299px;height:auto\" srcset=\"https:\/\/hapro.gmbh\/HAPro\/wp-content\/uploads\/2023\/10\/KS3662426992.67-1-1024x576.jpg 1024w, https:\/\/hapro.gmbh\/HAPro\/wp-content\/uploads\/2023\/10\/KS3662426992.67-1-300x169.jpg 300w, https:\/\/hapro.gmbh\/HAPro\/wp-content\/uploads\/2023\/10\/KS3662426992.67-1-768x432.jpg 768w, https:\/\/hapro.gmbh\/HAPro\/wp-content\/uploads\/2023\/10\/KS3662426992.67-1-1536x864.jpg 1536w, https:\/\/hapro.gmbh\/HAPro\/wp-content\/uploads\/2023\/10\/KS3662426992.67-1-2048x1152.jpg 2048w, https:\/\/hapro.gmbh\/HAPro\/wp-content\/uploads\/2023\/10\/KS3662426992.67-1-1920x1080.jpg 1920w\" sizes=\"auto, (max-width: 1024px) 100vw, 1024px\" \/><\/figure>\n<\/div>\n<\/div>\n","protected":false},"excerpt":{"rendered":"<p>Die Entwicklung und verfahrenstechnische Bewertung von komplexen Aufbereitungsprozessen mit Vorauslegung der Aggregate geh\u00f6rt zu unseren besonderen St\u00e4rken. Dabei verbinden wir unsere jahrzehntelange praktische Erfahrung mit entsprechendemHintergrundwissen. Kernst\u00fcck einer prozesstechnischen Betrachtung ist ein \u00fcbersichtliches Flie\u00dfbild der Aufbereitungsanlage. Wir bieten unter anderem eine Bestandsaufnahme mit Flie\u00dfbilderstellung und Prozesssimulation an. Mit verschiedenen Simulationsprogrammen sind wir in der Lage,&hellip; <br \/> <a class=\"read-more\" href=\"https:\/\/hapro.gmbh\/HAPro\/index.php\/prozesstechnik\/\">Weiterlesen<\/a><\/p>\n","protected":false},"author":1,"featured_media":2479,"parent":0,"menu_order":0,"comment_status":"closed","ping_status":"closed","template":"","meta":{"_editorskit_title_hidden":false,"_editorskit_reading_time":0,"_editorskit_is_block_options_detached":false,"_editorskit_block_options_position":"{}","footnotes":""},"class_list":["post-21","page","type-page","status-publish","has-post-thumbnail","hentry"],"_links":{"self":[{"href":"https:\/\/hapro.gmbh\/HAPro\/index.php\/wp-json\/wp\/v2\/pages\/21","targetHints":{"allow":["GET"]}}],"collection":[{"href":"https:\/\/hapro.gmbh\/HAPro\/index.php\/wp-json\/wp\/v2\/pages"}],"about":[{"href":"https:\/\/hapro.gmbh\/HAPro\/index.php\/wp-json\/wp\/v2\/types\/page"}],"author":[{"embeddable":true,"href":"https:\/\/hapro.gmbh\/HAPro\/index.php\/wp-json\/wp\/v2\/users\/1"}],"replies":[{"embeddable":true,"href":"https:\/\/hapro.gmbh\/HAPro\/index.php\/wp-json\/wp\/v2\/comments?post=21"}],"version-history":[{"count":7,"href":"https:\/\/hapro.gmbh\/HAPro\/index.php\/wp-json\/wp\/v2\/pages\/21\/revisions"}],"predecessor-version":[{"id":3432,"href":"https:\/\/hapro.gmbh\/HAPro\/index.php\/wp-json\/wp\/v2\/pages\/21\/revisions\/3432"}],"wp:featuredmedia":[{"embeddable":true,"href":"https:\/\/hapro.gmbh\/HAPro\/index.php\/wp-json\/wp\/v2\/media\/2479"}],"wp:attachment":[{"href":"https:\/\/hapro.gmbh\/HAPro\/index.php\/wp-json\/wp\/v2\/media?parent=21"}],"curies":[{"name":"wp","href":"https:\/\/api.w.org\/{rel}","templated":true}]}}