{"id":19,"date":"2023-10-05T13:59:32","date_gmt":"2023-10-05T11:59:32","guid":{"rendered":"https:\/\/hapro.gmbh\/HAPro\/?page_id=19"},"modified":"2023-11-05T18:29:53","modified_gmt":"2023-11-05T17:29:53","slug":"technische-beratung","status":"publish","type":"page","link":"https:\/\/hapro.gmbh\/HAPro\/index.php\/technische-beratung\/","title":{"rendered":"Technische Beratung"},"content":{"rendered":"\n<div class=\"wp-block-columns is-layout-flex wp-container-core-columns-is-layout-9d6595d7 wp-block-columns-is-layout-flex\">\n<div class=\"wp-block-column is-layout-flow wp-block-column-is-layout-flow\" style=\"flex-basis:50%\">\n<p><strong>Sie planen einen Umbau, die Modernisierung, Leistungssteigerung oder den Neubau einer Aufbereitungsanlage?<\/strong><\/p>\n\n\n\n<p>Gerne unterst\u00fctzen wir Sie beratend bei der Umsetzung Ihrer Ideen. Die Umsetzung erfolgt durch eine neutrale technische und wirtschaftliche Betrachtung und Bewertung. Sprechen Sie mit uns \u00fcber Ihre Vorstellungen und lassen Sie uns gemeinsam Ihre \u00dcberlegungen bewerten und realisieren.<br><\/p>\n\n\n\n<p><em>\u201cIch sehe den Wald vor lauter B\u00e4umen nicht mehr\u201d! <\/em> Kennen Sie dieses Sprichwort? Wie unterst\u00fctzen Sie bei der systematischen Erfassung ihres -Waldes- zum Projektbeginn, um Ihre Aufgabenstellungen mit Bezug auf z.B. einen Umbau Ihrer bestendenden Anlagen- und Verfahrenstechnik oder erg\u00e4nzende An- und Neubauprojekte im Detail analysieren zu k\u00f6nnen Teilen Sie uns Ihre Vorstellungen und Rahmenbedingungen f\u00fcr Ihr Bauvorhaben mit, daraus bilden wir die Fragestellungen, die uns eine neutrale Betrachtung und Bewertung Ihres Vorhabens erm\u00f6glichen.<br>Neben einer technischen Beratung und Bereitstellung von aufbereitungstechnischem Know-how verf\u00fcgen wir \u00fcber entsprechendes Fachwissen zu verschiedensten Komponenten, wie z.B. Siebmaschinen, Brecher, Muldengurtf\u00f6rderer, Stahlbau, Magnetabscheider, etc. welches wir in Ihr Projekt mit einbringen k\u00f6nnen.<\/p>\n\n\n\n<p>Wir arbeiten grunds\u00e4tzlich herstellerneutral und verzichten auf jegliche Art von Provisionen. Profitieren Sie von unserer Neutralit\u00e4t und unserem Fachwissen!<br>Fordern Sie uns heraus und diskutieren Sie mit uns Ihre Ideen und Vorstellungen. Wir sichern Ihnen eine faire und vertrauensvolle Zusammenarbeit zu.<\/p>\n<\/div>\n\n\n\n<div class=\"wp-block-column is-layout-flow wp-block-column-is-layout-flow\" style=\"flex-basis:50%\">\n<figure class=\"wp-block-image size-large is-resized\"><img loading=\"lazy\" decoding=\"async\" width=\"1024\" height=\"680\" src=\"https:\/\/hapro.gmbh\/HAPro\/wp-content\/uploads\/2023\/11\/DSC_5732-1024x680.jpg\" alt=\"\" class=\"wp-image-4174\" style=\"aspect-ratio:1.5056179775280898;width:1085px;height:auto\" srcset=\"https:\/\/hapro.gmbh\/HAPro\/wp-content\/uploads\/2023\/11\/DSC_5732-1024x680.jpg 1024w, https:\/\/hapro.gmbh\/HAPro\/wp-content\/uploads\/2023\/11\/DSC_5732-300x199.jpg 300w, https:\/\/hapro.gmbh\/HAPro\/wp-content\/uploads\/2023\/11\/DSC_5732-768x510.jpg 768w, https:\/\/hapro.gmbh\/HAPro\/wp-content\/uploads\/2023\/11\/DSC_5732-1536x1020.jpg 1536w, https:\/\/hapro.gmbh\/HAPro\/wp-content\/uploads\/2023\/11\/DSC_5732-2048x1360.jpg 2048w, https:\/\/hapro.gmbh\/HAPro\/wp-content\/uploads\/2023\/11\/DSC_5732-1626x1080.jpg 1626w\" sizes=\"auto, (max-width: 1024px) 100vw, 1024px\" \/><\/figure>\n\n\n\n<figure class=\"wp-block-image size-large is-resized\"><img loading=\"lazy\" decoding=\"async\" width=\"1024\" height=\"668\" src=\"https:\/\/hapro.gmbh\/HAPro\/wp-content\/uploads\/2023\/11\/DSC_1640_sw-1024x668.jpg\" alt=\"\" class=\"wp-image-4176\" style=\"aspect-ratio:1.5320197044334976;width:1089px;height:auto\" srcset=\"https:\/\/hapro.gmbh\/HAPro\/wp-content\/uploads\/2023\/11\/DSC_1640_sw-1024x668.jpg 1024w, https:\/\/hapro.gmbh\/HAPro\/wp-content\/uploads\/2023\/11\/DSC_1640_sw-300x196.jpg 300w, https:\/\/hapro.gmbh\/HAPro\/wp-content\/uploads\/2023\/11\/DSC_1640_sw-768x501.jpg 768w, https:\/\/hapro.gmbh\/HAPro\/wp-content\/uploads\/2023\/11\/DSC_1640_sw-1536x1003.jpg 1536w, https:\/\/hapro.gmbh\/HAPro\/wp-content\/uploads\/2023\/11\/DSC_1640_sw-2048x1337.jpg 2048w, https:\/\/hapro.gmbh\/HAPro\/wp-content\/uploads\/2023\/11\/DSC_1640_sw-1655x1080.jpg 1655w\" sizes=\"auto, (max-width: 1024px) 100vw, 1024px\" \/><\/figure>\n<\/div>\n<\/div>\n","protected":false},"excerpt":{"rendered":"<p>Sie planen einen Umbau, die Modernisierung, Leistungssteigerung oder den Neubau einer Aufbereitungsanlage? Gerne unterst\u00fctzen wir Sie beratend bei der Umsetzung Ihrer Ideen. Die Umsetzung erfolgt durch eine neutrale technische und wirtschaftliche Betrachtung und Bewertung. Sprechen Sie mit uns \u00fcber Ihre Vorstellungen und lassen Sie uns gemeinsam Ihre \u00dcberlegungen bewerten und realisieren. \u201cIch sehe den Wald&hellip; <br \/> <a class=\"read-more\" href=\"https:\/\/hapro.gmbh\/HAPro\/index.php\/technische-beratung\/\">Weiterlesen<\/a><\/p>\n","protected":false},"author":1,"featured_media":2479,"parent":0,"menu_order":0,"comment_status":"closed","ping_status":"closed","template":"","meta":{"_editorskit_title_hidden":false,"_editorskit_reading_time":0,"_editorskit_is_block_options_detached":false,"_editorskit_block_options_position":"{}","footnotes":""},"class_list":["post-19","page","type-page","status-publish","has-post-thumbnail","hentry"],"_links":{"self":[{"href":"https:\/\/hapro.gmbh\/HAPro\/index.php\/wp-json\/wp\/v2\/pages\/19","targetHints":{"allow":["GET"]}}],"collection":[{"href":"https:\/\/hapro.gmbh\/HAPro\/index.php\/wp-json\/wp\/v2\/pages"}],"about":[{"href":"https:\/\/hapro.gmbh\/HAPro\/index.php\/wp-json\/wp\/v2\/types\/page"}],"author":[{"embeddable":true,"href":"https:\/\/hapro.gmbh\/HAPro\/index.php\/wp-json\/wp\/v2\/users\/1"}],"replies":[{"embeddable":true,"href":"https:\/\/hapro.gmbh\/HAPro\/index.php\/wp-json\/wp\/v2\/comments?post=19"}],"version-history":[{"count":18,"href":"https:\/\/hapro.gmbh\/HAPro\/index.php\/wp-json\/wp\/v2\/pages\/19\/revisions"}],"predecessor-version":[{"id":4177,"href":"https:\/\/hapro.gmbh\/HAPro\/index.php\/wp-json\/wp\/v2\/pages\/19\/revisions\/4177"}],"wp:featuredmedia":[{"embeddable":true,"href":"https:\/\/hapro.gmbh\/HAPro\/index.php\/wp-json\/wp\/v2\/media\/2479"}],"wp:attachment":[{"href":"https:\/\/hapro.gmbh\/HAPro\/index.php\/wp-json\/wp\/v2\/media?parent=19"}],"curies":[{"name":"wp","href":"https:\/\/api.w.org\/{rel}","templated":true}]}}