{"id":17,"date":"2023-10-05T13:59:14","date_gmt":"2023-10-05T11:59:14","guid":{"rendered":"https:\/\/hapro.gmbh\/HAPro\/?page_id=17"},"modified":"2023-11-05T19:01:41","modified_gmt":"2023-11-05T18:01:41","slug":"projektkoordination","status":"publish","type":"page","link":"https:\/\/hapro.gmbh\/HAPro\/index.php\/projektkoordination\/","title":{"rendered":"Projektkoordination"},"content":{"rendered":"\n<div class=\"wp-block-group\"><div class=\"wp-block-group__inner-container is-layout-constrained wp-block-group-is-layout-constrained\">\n<div class=\"wp-block-columns is-layout-flex wp-container-core-columns-is-layout-9d6595d7 wp-block-columns-is-layout-flex\">\n<div class=\"wp-block-column is-layout-flow wp-block-column-is-layout-flow\" style=\"flex-basis:50%\">\n<p>Die Henkel Anlagen- und Prozesstechnik GmbH bietet die komplette Projektbegleitung von der ersten Idee bis zur Abnahme eines Bauvorhabens. F\u00fcr jedes Projekt stellen wir einen Projektleiter und einen stellvertretenden Projektleiter, die die Interessen unserer Kunden vertreten. Die zu erbringenden Leistungen stimmen wir im Vorfeld individuell mit unseren Kunden ab.<br>Profitieren Sie von den umfangreichen Erfahrungen der Henkel Anlagen- und Prozesstechnik GmbH in der Projekt- und Baubegleitung, die unser Team \u00fcber viele Jahre bei unterschiedlichen Bauvorhaben gesammelt hat.<\/p>\n\n\n\n<p><\/p>\n\n\n\n<h2 class=\"wp-block-heading\">Projektleitung vor Bauausf\u00fchrung:<\/h2>\n\n\n\n<p>Unsere Leistungen umfassen u.a. die Koordination von Planungsleistungen, die unsere Kunden von Dritten beziehen. Die Koordination der Angebotserstellung geh\u00f6rt ebenso zu unseren Leistungen wie der Angebotsvergleich, die Unterst\u00fctzung im Genehmigungsverfahren, die Begleitung von Auftragsverhandlungen, die Unterst\u00fctzung bei der Vertragsgestaltung etc.<\/p>\n\n\n\n<p>Begleitung der Auftragsverhandlungen und Vertragsgestaltung:<br>Nach Abschluss der Vorplanung und der Angebotsphase unterst\u00fctzt die Henkel Anlagen- und Prozesstechnik GmbH beratend bei der Vertragsgestaltung und den Vertragsverhandlungen. Durch unsere Erfahrungen auf der Lieferantenseite haben wir oft einen etwas anderen Blick auf die Vertragsinhalte und bieten unseren Kunden damit die M\u00f6glichkeit, die Vertragsgestaltung zu optimieren.<\/p>\n\n\n\n<p><\/p>\n\n\n\n<h2 class=\"wp-block-heading\">Projektleitung und Begleitung bis zu der Bauausf\u00fchrung:<\/h2>\n\n\n\n<p>Mit dem Abschluss der Liefervertr\u00e4ge beginnt die Ausf\u00fchrungsplanung, nach der das Bauvorhaben schlie\u00dflich realisiert wird. Die HAPro GmbH organisiert zun\u00e4chst ein Kick-Off-Gespr\u00e4ch. Hier treffen sich die Techniker bzw. Projektleiter aller beteiligten Firmen. Zun\u00e4chst wird eine mit dem Auftraggeber abgestimmte Sprach- und Kommunikationsregelung eingef\u00fchrt. Diese regelt Verantwortlichkeiten, Entscheidungswege auf technischer und kaufm\u00e4nnischer Ebene. Beim Kick-off findet dann nochmals eine technische Plausibilit\u00e4tspr\u00fcfung statt. Jeder Anlagenbereich wird nochmals im Detail vorgestellt, kritisch diskutiert und ggf. optimiert.<\/p>\n\n\n\n<p>Die Projektleitung des Bauvorhabens wird im Kick-Off-Gespr\u00e4ch an den Projektleiter des Anlagenbauers \u00fcbergeben. Das Team der HAPro GmbH fungiert ab diesem Zeitpunkt als Projektbegleiter bzw. Interessenvertreter unseres Kunden. Zu den Aufgaben geh\u00f6ren nun die \u00dcberwachung der Abl\u00e4ufe und Einhaltung der Terminpl\u00e4ne, die Organisation und Moderation regelm\u00e4\u00dfiger Projektbesprechungen, die technische Abstimmung mit den Lieferanten, die Pr\u00fcfung von Freigabezeichnungen, die Koordination der Massivbauplanung, die \u00dcberwachung der Projektkosten, etc.<\/p>\n\n\n\n<p><\/p>\n\n\n\n<h2 class=\"wp-block-heading\">Koordination der Bauausf\u00fchrung:<\/h2>\n\n\n\n<p>Die Koordination der Bauausf\u00fchrung umfasst alle Bauabschnitte vom Massivbau bis zur Inbetriebnahme und Abnahme der fertigen Anlage. Die st\u00e4ndige Abstimmung mit der Bauleitung vor Ort geh\u00f6rt ebenso zu unseren Leistungen wie regelm\u00e4\u00dfige Baustellenbesuche. Das Team der Henkel Anlagen- und Prozesstechnik GmbH stellt w\u00e4hrend der Bauausf\u00fchrung das Bindeglied zwischen dem Betreiber und den ausf\u00fchrenden Unternehmen dar. Aufgrund unserer praktischen Erfahrungen aus zahlreichen Projekten sind wir in der Lage, Probleme fr\u00fchzeitig zu erkennen und praxisgerechte und zeitnahe L\u00f6sungen zu erarbeiten. Wir sind stets um ein gutes und faires Miteinander auf der Baustelle bem\u00fcht, denn dies ist eine wichtige Grundvoraussetzung f\u00fcr einen effektiven und zielorientierten Bauablauf.<\/p>\n<\/div>\n\n\n\n<div class=\"wp-block-column is-layout-flow wp-block-column-is-layout-flow\" style=\"flex-basis:50%\">\n<figure class=\"wp-block-image size-large is-resized\"><img loading=\"lazy\" decoding=\"async\" width=\"1024\" height=\"576\" src=\"https:\/\/hapro.gmbh\/HAPro\/wp-content\/uploads\/2023\/10\/20200612_171846-1-1024x576.jpg\" alt=\"\" class=\"wp-image-3413\" style=\"aspect-ratio:3\/2;object-fit:cover;width:925px;height:auto\" srcset=\"https:\/\/hapro.gmbh\/HAPro\/wp-content\/uploads\/2023\/10\/20200612_171846-1-1024x576.jpg 1024w, https:\/\/hapro.gmbh\/HAPro\/wp-content\/uploads\/2023\/10\/20200612_171846-1-300x169.jpg 300w, https:\/\/hapro.gmbh\/HAPro\/wp-content\/uploads\/2023\/10\/20200612_171846-1-768x432.jpg 768w, https:\/\/hapro.gmbh\/HAPro\/wp-content\/uploads\/2023\/10\/20200612_171846-1-1536x863.jpg 1536w, https:\/\/hapro.gmbh\/HAPro\/wp-content\/uploads\/2023\/10\/20200612_171846-1-2048x1151.jpg 2048w, https:\/\/hapro.gmbh\/HAPro\/wp-content\/uploads\/2023\/10\/20200612_171846-1-1920x1080.jpg 1920w\" sizes=\"auto, (max-width: 1024px) 100vw, 1024px\" \/><\/figure>\n\n\n\n<figure class=\"wp-block-image size-large\"><img loading=\"lazy\" decoding=\"async\" width=\"1024\" height=\"705\" src=\"https:\/\/hapro.gmbh\/HAPro\/wp-content\/uploads\/2023\/11\/Test_14-1024x705.jpg\" alt=\"\" class=\"wp-image-4187\" style=\"aspect-ratio:3\/2;object-fit:cover\" srcset=\"https:\/\/hapro.gmbh\/HAPro\/wp-content\/uploads\/2023\/11\/Test_14-1024x705.jpg 1024w, https:\/\/hapro.gmbh\/HAPro\/wp-content\/uploads\/2023\/11\/Test_14-300x206.jpg 300w, https:\/\/hapro.gmbh\/HAPro\/wp-content\/uploads\/2023\/11\/Test_14-768x529.jpg 768w, https:\/\/hapro.gmbh\/HAPro\/wp-content\/uploads\/2023\/11\/Test_14-1536x1057.jpg 1536w, https:\/\/hapro.gmbh\/HAPro\/wp-content\/uploads\/2023\/11\/Test_14-2048x1410.jpg 2048w, https:\/\/hapro.gmbh\/HAPro\/wp-content\/uploads\/2023\/11\/Test_14-1569x1080.jpg 1569w\" sizes=\"auto, (max-width: 1024px) 100vw, 1024px\" \/><\/figure>\n\n\n\n<figure class=\"wp-block-image size-large is-resized\"><img loading=\"lazy\" decoding=\"async\" width=\"1024\" height=\"768\" src=\"https:\/\/hapro.gmbh\/HAPro\/wp-content\/uploads\/2023\/10\/20221110_101416-1-1024x768.jpg\" alt=\"\" class=\"wp-image-3419\" style=\"aspect-ratio:3\/2;object-fit:cover;width:932px;height:auto\" srcset=\"https:\/\/hapro.gmbh\/HAPro\/wp-content\/uploads\/2023\/10\/20221110_101416-1-1024x768.jpg 1024w, https:\/\/hapro.gmbh\/HAPro\/wp-content\/uploads\/2023\/10\/20221110_101416-1-300x225.jpg 300w, https:\/\/hapro.gmbh\/HAPro\/wp-content\/uploads\/2023\/10\/20221110_101416-1-768x576.jpg 768w, https:\/\/hapro.gmbh\/HAPro\/wp-content\/uploads\/2023\/10\/20221110_101416-1-1536x1152.jpg 1536w, https:\/\/hapro.gmbh\/HAPro\/wp-content\/uploads\/2023\/10\/20221110_101416-1-2048x1536.jpg 2048w, https:\/\/hapro.gmbh\/HAPro\/wp-content\/uploads\/2023\/10\/20221110_101416-1-1440x1080.jpg 1440w\" sizes=\"auto, (max-width: 1024px) 100vw, 1024px\" \/><\/figure>\n\n\n\n<figure class=\"wp-block-image size-large is-resized\"><img loading=\"lazy\" decoding=\"async\" width=\"1024\" height=\"768\" src=\"https:\/\/hapro.gmbh\/HAPro\/wp-content\/uploads\/2023\/10\/IMG_6385-1024x768.jpeg\" alt=\"\" class=\"wp-image-3309\" style=\"aspect-ratio:3\/2;object-fit:cover;width:935px;height:auto\" srcset=\"https:\/\/hapro.gmbh\/HAPro\/wp-content\/uploads\/2023\/10\/IMG_6385-1024x768.jpeg 1024w, https:\/\/hapro.gmbh\/HAPro\/wp-content\/uploads\/2023\/10\/IMG_6385-300x225.jpeg 300w, https:\/\/hapro.gmbh\/HAPro\/wp-content\/uploads\/2023\/10\/IMG_6385-768x576.jpeg 768w, https:\/\/hapro.gmbh\/HAPro\/wp-content\/uploads\/2023\/10\/IMG_6385-1536x1152.jpeg 1536w, https:\/\/hapro.gmbh\/HAPro\/wp-content\/uploads\/2023\/10\/IMG_6385-1440x1080.jpeg 1440w, https:\/\/hapro.gmbh\/HAPro\/wp-content\/uploads\/2023\/10\/IMG_6385.jpeg 2048w\" sizes=\"auto, (max-width: 1024px) 100vw, 1024px\" \/><\/figure>\n<\/div>\n<\/div>\n<\/div><\/div>\n\n\n\n<figure class=\"wp-block-image size-large\"><img loading=\"lazy\" decoding=\"async\" width=\"1024\" height=\"578\" src=\"https:\/\/hapro.gmbh\/HAPro\/wp-content\/uploads\/2023\/11\/20231026_104635-1024x578.jpg\" alt=\"\" class=\"wp-image-4184\" srcset=\"https:\/\/hapro.gmbh\/HAPro\/wp-content\/uploads\/2023\/11\/20231026_104635-1024x578.jpg 1024w, https:\/\/hapro.gmbh\/HAPro\/wp-content\/uploads\/2023\/11\/20231026_104635-300x169.jpg 300w, https:\/\/hapro.gmbh\/HAPro\/wp-content\/uploads\/2023\/11\/20231026_104635-768x433.jpg 768w, https:\/\/hapro.gmbh\/HAPro\/wp-content\/uploads\/2023\/11\/20231026_104635-1536x866.jpg 1536w, https:\/\/hapro.gmbh\/HAPro\/wp-content\/uploads\/2023\/11\/20231026_104635-2048x1155.jpg 2048w, https:\/\/hapro.gmbh\/HAPro\/wp-content\/uploads\/2023\/11\/20231026_104635-1915x1080.jpg 1915w\" sizes=\"auto, (max-width: 1024px) 100vw, 1024px\" \/><\/figure>\n","protected":false},"excerpt":{"rendered":"<p>Die Henkel Anlagen- und Prozesstechnik GmbH bietet die komplette Projektbegleitung von der ersten Idee bis zur Abnahme eines Bauvorhabens. F\u00fcr jedes Projekt stellen wir einen Projektleiter und einen stellvertretenden Projektleiter, die die Interessen unserer Kunden vertreten. Die zu erbringenden Leistungen stimmen wir im Vorfeld individuell mit unseren Kunden ab.Profitieren Sie von den umfangreichen Erfahrungen der&hellip; <br \/> <a class=\"read-more\" href=\"https:\/\/hapro.gmbh\/HAPro\/index.php\/projektkoordination\/\">Weiterlesen<\/a><\/p>\n","protected":false},"author":1,"featured_media":2479,"parent":0,"menu_order":0,"comment_status":"closed","ping_status":"closed","template":"","meta":{"_editorskit_title_hidden":false,"_editorskit_reading_time":0,"_editorskit_is_block_options_detached":false,"_editorskit_block_options_position":"{}","footnotes":""},"class_list":["post-17","page","type-page","status-publish","has-post-thumbnail","hentry"],"_links":{"self":[{"href":"https:\/\/hapro.gmbh\/HAPro\/index.php\/wp-json\/wp\/v2\/pages\/17","targetHints":{"allow":["GET"]}}],"collection":[{"href":"https:\/\/hapro.gmbh\/HAPro\/index.php\/wp-json\/wp\/v2\/pages"}],"about":[{"href":"https:\/\/hapro.gmbh\/HAPro\/index.php\/wp-json\/wp\/v2\/types\/page"}],"author":[{"embeddable":true,"href":"https:\/\/hapro.gmbh\/HAPro\/index.php\/wp-json\/wp\/v2\/users\/1"}],"replies":[{"embeddable":true,"href":"https:\/\/hapro.gmbh\/HAPro\/index.php\/wp-json\/wp\/v2\/comments?post=17"}],"version-history":[{"count":21,"href":"https:\/\/hapro.gmbh\/HAPro\/index.php\/wp-json\/wp\/v2\/pages\/17\/revisions"}],"predecessor-version":[{"id":4192,"href":"https:\/\/hapro.gmbh\/HAPro\/index.php\/wp-json\/wp\/v2\/pages\/17\/revisions\/4192"}],"wp:featuredmedia":[{"embeddable":true,"href":"https:\/\/hapro.gmbh\/HAPro\/index.php\/wp-json\/wp\/v2\/media\/2479"}],"wp:attachment":[{"href":"https:\/\/hapro.gmbh\/HAPro\/index.php\/wp-json\/wp\/v2\/media?parent=17"}],"curies":[{"name":"wp","href":"https:\/\/api.w.org\/{rel}","templated":true}]}}