{"id":13,"date":"2023-10-05T13:58:42","date_gmt":"2023-10-05T11:58:42","guid":{"rendered":"https:\/\/hapro.gmbh\/HAPro\/?page_id=13"},"modified":"2023-11-29T14:22:07","modified_gmt":"2023-11-29T13:22:07","slug":"unser-mehrwert","status":"publish","type":"page","link":"https:\/\/hapro.gmbh\/HAPro\/index.php\/unser-mehrwert\/","title":{"rendered":"Philosophie"},"content":{"rendered":"\n<div class=\"wp-block-columns is-layout-flex wp-container-core-columns-is-layout-9d6595d7 wp-block-columns-is-layout-flex\">\n<div class=\"wp-block-column is-layout-flow wp-block-column-is-layout-flow\" style=\"flex-basis:50%\">\n<p>Unsere gro\u00dfe Leidenschaft f\u00fcr Aufbereitungstechnik und der Wunsch nach Unabh\u00e4ngigkeit &#8211; das waren die Gr\u00fcnde f\u00fcr die Entstehung der Henkel Anlagen- und Prozesstechnik GmbH.<\/p>\n\n\n\n<p>Die HAPro ist ein Ingenieurb\u00fcro aus M\u00fcnster (Westf.), was sich auf die Aufbereitungstechnik spezialisiert hat. Wir bieten unseren Kunden f\u00fcr Neu- und Umbauma\u00dfnahmen von der Beratung, Planung und Projektkoordination das gesamte Leistungsspektrum bis zur Inbetriebnahme und Optimierung von Aufbereitungsanlagen an.<\/p>\n\n\n\n<p>Die HAPro arbeitet herstellerneutral und unabh\u00e4ngig und vertritt ausschlie\u00dflich die Interessen unserer Auftraggeber.<\/p>\n\n\n\n<p>Ein besonderes Team, Freude, Fairness und Zufriedenheit: Das ist unsere Philosphie und der Weg von HAPro !<\/p>\n\n\n\n<p><\/p>\n\n\n\n<p><\/p>\n\n\n\n<p><\/p>\n\n\n\n<p><\/p>\n\n\n\n<figure class=\"wp-block-pullquote\"><blockquote><p><em>Kreativit\u00e4t ist, wenn einem bei dem, was einem auff\u00e4llt, etwas einf\u00e4llt.<\/em><br>Gerhard Uhlenbruck<\/p><\/blockquote><\/figure>\n\n\n<div class=\"wp-block-image\">\n<figure class=\"alignleft size-full\"><img loading=\"lazy\" decoding=\"async\" width=\"2560\" height=\"1125\" src=\"https:\/\/hapro.gmbh\/HAPro\/wp-content\/uploads\/2023\/10\/Baubegleitung-scaled.jpg\" alt=\"\" class=\"wp-image-3349\" srcset=\"https:\/\/hapro.gmbh\/HAPro\/wp-content\/uploads\/2023\/10\/Baubegleitung-scaled.jpg 2560w, https:\/\/hapro.gmbh\/HAPro\/wp-content\/uploads\/2023\/10\/Baubegleitung-300x132.jpg 300w, https:\/\/hapro.gmbh\/HAPro\/wp-content\/uploads\/2023\/10\/Baubegleitung-1024x450.jpg 1024w, https:\/\/hapro.gmbh\/HAPro\/wp-content\/uploads\/2023\/10\/Baubegleitung-768x337.jpg 768w, https:\/\/hapro.gmbh\/HAPro\/wp-content\/uploads\/2023\/10\/Baubegleitung-1536x675.jpg 1536w, https:\/\/hapro.gmbh\/HAPro\/wp-content\/uploads\/2023\/10\/Baubegleitung-2048x900.jpg 2048w, https:\/\/hapro.gmbh\/HAPro\/wp-content\/uploads\/2023\/10\/Baubegleitung-1920x844.jpg 1920w\" sizes=\"auto, (max-width: 2560px) 100vw, 2560px\" \/><\/figure>\n<\/div><\/div>\n\n\n\n<div class=\"wp-block-column is-layout-flow wp-block-column-is-layout-flow\" style=\"flex-basis:50%\">\n<figure class=\"wp-block-image size-large is-resized\"><img loading=\"lazy\" decoding=\"async\" width=\"1024\" height=\"680\" src=\"https:\/\/hapro.gmbh\/HAPro\/wp-content\/uploads\/2023\/11\/DSC_1619_verkleinert_sw-1024x680.jpg\" alt=\"\" class=\"wp-image-4212\" style=\"aspect-ratio:1.5058823529411764;width:625px;height:auto\" srcset=\"https:\/\/hapro.gmbh\/HAPro\/wp-content\/uploads\/2023\/11\/DSC_1619_verkleinert_sw-1024x680.jpg 1024w, https:\/\/hapro.gmbh\/HAPro\/wp-content\/uploads\/2023\/11\/DSC_1619_verkleinert_sw-300x199.jpg 300w, https:\/\/hapro.gmbh\/HAPro\/wp-content\/uploads\/2023\/11\/DSC_1619_verkleinert_sw-768x510.jpg 768w, https:\/\/hapro.gmbh\/HAPro\/wp-content\/uploads\/2023\/11\/DSC_1619_verkleinert_sw-1536x1020.jpg 1536w, https:\/\/hapro.gmbh\/HAPro\/wp-content\/uploads\/2023\/11\/DSC_1619_verkleinert_sw-2048x1360.jpg 2048w, https:\/\/hapro.gmbh\/HAPro\/wp-content\/uploads\/2023\/11\/DSC_1619_verkleinert_sw-1626x1080.jpg 1626w\" sizes=\"auto, (max-width: 1024px) 100vw, 1024px\" \/><\/figure>\n\n\n\n<figure class=\"wp-block-image size-large is-resized\"><img loading=\"lazy\" decoding=\"async\" width=\"1024\" height=\"768\" src=\"https:\/\/hapro.gmbh\/HAPro\/wp-content\/uploads\/2023\/11\/KS590779448.15-Gross-1024x768.jpg\" alt=\"\" class=\"wp-image-4129\" style=\"aspect-ratio:1.3333333333333333;width:621px;height:auto\" srcset=\"https:\/\/hapro.gmbh\/HAPro\/wp-content\/uploads\/2023\/11\/KS590779448.15-Gross-1024x768.jpg 1024w, https:\/\/hapro.gmbh\/HAPro\/wp-content\/uploads\/2023\/11\/KS590779448.15-Gross-300x225.jpg 300w, https:\/\/hapro.gmbh\/HAPro\/wp-content\/uploads\/2023\/11\/KS590779448.15-Gross-768x576.jpg 768w, https:\/\/hapro.gmbh\/HAPro\/wp-content\/uploads\/2023\/11\/KS590779448.15-Gross.jpg 1440w\" sizes=\"auto, (max-width: 1024px) 100vw, 1024px\" \/><\/figure>\n<\/div>\n<\/div>\n","protected":false},"excerpt":{"rendered":"<p>Unsere gro\u00dfe Leidenschaft f\u00fcr Aufbereitungstechnik und der Wunsch nach Unabh\u00e4ngigkeit &#8211; das waren die Gr\u00fcnde f\u00fcr die Entstehung der Henkel Anlagen- und Prozesstechnik GmbH. Die HAPro ist ein Ingenieurb\u00fcro aus M\u00fcnster (Westf.), was sich auf die Aufbereitungstechnik spezialisiert hat. Wir bieten unseren Kunden f\u00fcr Neu- und Umbauma\u00dfnahmen von der Beratung, Planung und Projektkoordination das gesamte&hellip; <br \/> <a class=\"read-more\" href=\"https:\/\/hapro.gmbh\/HAPro\/index.php\/unser-mehrwert\/\">Weiterlesen<\/a><\/p>\n","protected":false},"author":1,"featured_media":2406,"parent":0,"menu_order":0,"comment_status":"closed","ping_status":"closed","template":"","meta":{"_editorskit_title_hidden":false,"_editorskit_reading_time":0,"_editorskit_is_block_options_detached":false,"_editorskit_block_options_position":"{}","footnotes":""},"class_list":["post-13","page","type-page","status-publish","has-post-thumbnail","hentry"],"_links":{"self":[{"href":"https:\/\/hapro.gmbh\/HAPro\/index.php\/wp-json\/wp\/v2\/pages\/13","targetHints":{"allow":["GET"]}}],"collection":[{"href":"https:\/\/hapro.gmbh\/HAPro\/index.php\/wp-json\/wp\/v2\/pages"}],"about":[{"href":"https:\/\/hapro.gmbh\/HAPro\/index.php\/wp-json\/wp\/v2\/types\/page"}],"author":[{"embeddable":true,"href":"https:\/\/hapro.gmbh\/HAPro\/index.php\/wp-json\/wp\/v2\/users\/1"}],"replies":[{"embeddable":true,"href":"https:\/\/hapro.gmbh\/HAPro\/index.php\/wp-json\/wp\/v2\/comments?post=13"}],"version-history":[{"count":64,"href":"https:\/\/hapro.gmbh\/HAPro\/index.php\/wp-json\/wp\/v2\/pages\/13\/revisions"}],"predecessor-version":[{"id":4677,"href":"https:\/\/hapro.gmbh\/HAPro\/index.php\/wp-json\/wp\/v2\/pages\/13\/revisions\/4677"}],"wp:featuredmedia":[{"embeddable":true,"href":"https:\/\/hapro.gmbh\/HAPro\/index.php\/wp-json\/wp\/v2\/media\/2406"}],"wp:attachment":[{"href":"https:\/\/hapro.gmbh\/HAPro\/index.php\/wp-json\/wp\/v2\/media?parent=13"}],"curies":[{"name":"wp","href":"https:\/\/api.w.org\/{rel}","templated":true}]}}