{"id":11,"date":"2023-10-05T13:58:17","date_gmt":"2023-10-05T11:58:17","guid":{"rendered":"https:\/\/hapro.gmbh\/HAPro\/?page_id=11"},"modified":"2024-02-11T15:00:52","modified_gmt":"2024-02-11T14:00:52","slug":"ansprechpartner","status":"publish","type":"page","link":"https:\/\/hapro.gmbh\/HAPro\/index.php\/ansprechpartner\/","title":{"rendered":"Ansprechpartner"},"content":{"rendered":"\n<div class=\"wp-block-columns is-layout-flex wp-container-core-columns-is-layout-9d6595d7 wp-block-columns-is-layout-flex\">\n<div class=\"wp-block-column is-layout-flow wp-block-column-is-layout-flow\" style=\"flex-basis:50%\">\n<h2 class=\"wp-block-heading\">Michael Henkel<\/h2>\n\n\n\n<p>gr\u00fcndete im August 2020 die HAPro GmbH. Er ist seit seinem 16. Lebensjahr in der Aufbereitungstechnik t\u00e4tig. Michael Henkel verf\u00fcgt \u00fcber umfangreiche Kenntnisse und Erfahrungen in der Konzeption, Auslegung und Planung von Brech- und Siebanlagen. Durch seine langj\u00e4hrige T\u00e4tigkeit im Vertrieb und in der Projektabwicklung ist er mit der technischen und kommerziellen Steuerung und Bewertung von Projekten vertraut.<\/p>\n\n\n\n<figure class=\"wp-block-image size-large is-resized profilbild\"><img loading=\"lazy\" decoding=\"async\" width=\"1024\" height=\"640\" src=\"https:\/\/hapro.gmbh\/HAPro\/wp-content\/uploads\/2023\/10\/Test_07-scaled-e1698187158575-1024x640.jpg\" alt=\"\" class=\"wp-image-3465\" style=\"aspect-ratio:3\/2;object-fit:cover\" srcset=\"https:\/\/hapro.gmbh\/HAPro\/wp-content\/uploads\/2023\/10\/Test_07-scaled-e1698187158575-1024x640.jpg 1024w, https:\/\/hapro.gmbh\/HAPro\/wp-content\/uploads\/2023\/10\/Test_07-scaled-e1698187158575-300x188.jpg 300w, https:\/\/hapro.gmbh\/HAPro\/wp-content\/uploads\/2023\/10\/Test_07-scaled-e1698187158575-768x480.jpg 768w, https:\/\/hapro.gmbh\/HAPro\/wp-content\/uploads\/2023\/10\/Test_07-scaled-e1698187158575-1536x960.jpg 1536w, https:\/\/hapro.gmbh\/HAPro\/wp-content\/uploads\/2023\/10\/Test_07-scaled-e1698187158575-2048x1280.jpg 2048w, https:\/\/hapro.gmbh\/HAPro\/wp-content\/uploads\/2023\/10\/Test_07-scaled-e1698187158575-1728x1080.jpg 1728w\" sizes=\"auto, (max-width: 1024px) 100vw, 1024px\" \/><\/figure>\n\n\n\n<p><\/p>\n\n\n\n<h2 class=\"wp-block-heading\">Sven Bredeck<\/h2>\n\n\n\n<p>ist mit \u00fcber 25 Jahren Erfahrung ein absoluter Profi in der Steuerung und Abwicklung von Projekten in der Aufbereitungstechnik. Durch seine langj\u00e4hrige T\u00e4tigkeit in der Planung und Konstruktion verf\u00fcgt er \u00fcber umfangreiches Spezialwissen f\u00fcr die erfolgreiche Umsetzung von Neu- und Umbauten von der Idee bis zur Inbetriebnahme.<\/p>\n\n\n\n<figure class=\"wp-block-image size-large is-resized profilbild\"><img loading=\"lazy\" decoding=\"async\" width=\"1024\" height=\"680\" src=\"https:\/\/hapro.gmbh\/HAPro\/wp-content\/uploads\/2023\/10\/DSC_1705_sw-1024x680.jpg\" alt=\"\" class=\"wp-image-3283\" style=\"aspect-ratio:3\/2;object-fit:cover\" srcset=\"https:\/\/hapro.gmbh\/HAPro\/wp-content\/uploads\/2023\/10\/DSC_1705_sw-1024x680.jpg 1024w, https:\/\/hapro.gmbh\/HAPro\/wp-content\/uploads\/2023\/10\/DSC_1705_sw-300x199.jpg 300w, https:\/\/hapro.gmbh\/HAPro\/wp-content\/uploads\/2023\/10\/DSC_1705_sw-768x510.jpg 768w, https:\/\/hapro.gmbh\/HAPro\/wp-content\/uploads\/2023\/10\/DSC_1705_sw-1536x1020.jpg 1536w, https:\/\/hapro.gmbh\/HAPro\/wp-content\/uploads\/2023\/10\/DSC_1705_sw-2048x1360.jpg 2048w, https:\/\/hapro.gmbh\/HAPro\/wp-content\/uploads\/2023\/10\/DSC_1705_sw-1626x1080.jpg 1626w\" sizes=\"auto, (max-width: 1024px) 100vw, 1024px\" \/><\/figure>\n\n\n\n<h2 class=\"wp-block-heading\"><\/h2>\n<\/div>\n\n\n\n<div class=\"wp-block-column is-vertically-aligned-top is-layout-flow wp-block-column-is-layout-flow\" style=\"flex-basis:50%\">\n<div class=\"wp-block-columns is-layout-flex wp-container-core-columns-is-layout-9d6595d7 wp-block-columns-is-layout-flex\">\n<div class=\"wp-block-column is-layout-flow wp-block-column-is-layout-flow\">\n<div style=\"height:174px\" aria-hidden=\"true\" class=\"wp-block-spacer\"><\/div>\n<\/div>\n<\/div>\n\n\n\n<p><\/p>\n\n\n\n<p><\/p>\n\n\n\n<p><\/p>\n\n\n\n<p><\/p>\n\n\n\n<p><\/p>\n\n\n\n<p><\/p>\n\n\n\n<p><\/p>\n\n\n\n<p><\/p>\n\n\n\n<p><\/p>\n\n\n\n<p><\/p>\n\n\n\n<p><\/p>\n\n\n\n<p><\/p>\n\n\n\n<p><\/p>\n\n\n\n<p><\/p>\n\n\n\n<p><\/p>\n\n\n\n<p><\/p>\n\n\n\n<h2 class=\"wp-block-heading\">Paul Spangenberg<\/h2>\n\n\n\n<p>sammelte bereits in seinem Maschinenbau-Studium umfangreiche Erfahrungen mit 3D-CAD, Programmierung und allgemeiner Prozesstechnik. Seine speziellen F\u00e4higkeiten und seine strukturellen L\u00f6sungsans\u00e4tze sind ein wichtiger Baustein in den Projekten der HAPro GmbH.<\/p>\n\n\n\n<figure class=\"wp-block-image size-large is-resized profilbild\"><img loading=\"lazy\" decoding=\"async\" width=\"1024\" height=\"680\" src=\"https:\/\/hapro.gmbh\/HAPro\/wp-content\/uploads\/2023\/10\/DSC_1670_sw-1024x680.jpg\" alt=\"\" class=\"wp-image-3281\" style=\"aspect-ratio:3\/2;object-fit:cover\" srcset=\"https:\/\/hapro.gmbh\/HAPro\/wp-content\/uploads\/2023\/10\/DSC_1670_sw-1024x680.jpg 1024w, https:\/\/hapro.gmbh\/HAPro\/wp-content\/uploads\/2023\/10\/DSC_1670_sw-300x199.jpg 300w, https:\/\/hapro.gmbh\/HAPro\/wp-content\/uploads\/2023\/10\/DSC_1670_sw-768x510.jpg 768w, https:\/\/hapro.gmbh\/HAPro\/wp-content\/uploads\/2023\/10\/DSC_1670_sw-1536x1020.jpg 1536w, https:\/\/hapro.gmbh\/HAPro\/wp-content\/uploads\/2023\/10\/DSC_1670_sw-2048x1360.jpg 2048w, https:\/\/hapro.gmbh\/HAPro\/wp-content\/uploads\/2023\/10\/DSC_1670_sw-1626x1080.jpg 1626w\" sizes=\"auto, (max-width: 1024px) 100vw, 1024px\" \/><\/figure>\n\n\n\n<p><\/p>\n\n\n\n<h2 class=\"wp-block-heading\"><\/h2>\n\n\n\n<p><\/p>\n<\/div>\n<\/div>\n","protected":false},"excerpt":{"rendered":"<p>Michael Henkel gr\u00fcndete im August 2020 die HAPro GmbH. Er ist seit seinem 16. Lebensjahr in der Aufbereitungstechnik t\u00e4tig. Michael Henkel verf\u00fcgt \u00fcber umfangreiche Kenntnisse und Erfahrungen in der Konzeption, Auslegung und Planung von Brech- und Siebanlagen. Durch seine langj\u00e4hrige T\u00e4tigkeit im Vertrieb und in der Projektabwicklung ist er mit der technischen und kommerziellen Steuerung&hellip; <br \/> <a class=\"read-more\" href=\"https:\/\/hapro.gmbh\/HAPro\/index.php\/ansprechpartner\/\">Weiterlesen<\/a><\/p>\n","protected":false},"author":1,"featured_media":2406,"parent":0,"menu_order":0,"comment_status":"closed","ping_status":"closed","template":"","meta":{"_editorskit_title_hidden":false,"_editorskit_reading_time":0,"_editorskit_is_block_options_detached":false,"_editorskit_block_options_position":"{}","footnotes":""},"class_list":["post-11","page","type-page","status-publish","has-post-thumbnail","hentry"],"_links":{"self":[{"href":"https:\/\/hapro.gmbh\/HAPro\/index.php\/wp-json\/wp\/v2\/pages\/11","targetHints":{"allow":["GET"]}}],"collection":[{"href":"https:\/\/hapro.gmbh\/HAPro\/index.php\/wp-json\/wp\/v2\/pages"}],"about":[{"href":"https:\/\/hapro.gmbh\/HAPro\/index.php\/wp-json\/wp\/v2\/types\/page"}],"author":[{"embeddable":true,"href":"https:\/\/hapro.gmbh\/HAPro\/index.php\/wp-json\/wp\/v2\/users\/1"}],"replies":[{"embeddable":true,"href":"https:\/\/hapro.gmbh\/HAPro\/index.php\/wp-json\/wp\/v2\/comments?post=11"}],"version-history":[{"count":129,"href":"https:\/\/hapro.gmbh\/HAPro\/index.php\/wp-json\/wp\/v2\/pages\/11\/revisions"}],"predecessor-version":[{"id":4709,"href":"https:\/\/hapro.gmbh\/HAPro\/index.php\/wp-json\/wp\/v2\/pages\/11\/revisions\/4709"}],"wp:featuredmedia":[{"embeddable":true,"href":"https:\/\/hapro.gmbh\/HAPro\/index.php\/wp-json\/wp\/v2\/media\/2406"}],"wp:attachment":[{"href":"https:\/\/hapro.gmbh\/HAPro\/index.php\/wp-json\/wp\/v2\/media?parent=11"}],"curies":[{"name":"wp","href":"https:\/\/api.w.org\/{rel}","templated":true}]}}